{"id":13930,"date":"2023-06-24T16:36:41","date_gmt":"2023-06-24T14:36:41","guid":{"rendered":"https:\/\/reggedeisovrani.com\/?page_id=13930"},"modified":"2023-06-24T16:56:30","modified_gmt":"2023-06-24T14:56:30","slug":"i-gironi-infernali-della-demoncrazia","status":"publish","type":"page","link":"https:\/\/reggedeisovrani.com\/index.php\/i-gironi-infernali-della-demoncrazia\/","title":{"rendered":"I gironi infernali della DemonCrazia"},"content":{"rendered":"<style type=\"text\/css\"> \n#cmsmasters_row_69dee1c8df9df8_54716479 .cmsmasters_row_outer_parent { \n\tpadding-top: 0px; \n} \n\n#cmsmasters_row_69dee1c8df9df8_54716479 .cmsmasters_row_outer_parent { \n\tpadding-bottom: 50px; \n} \n\n \n#cmsmasters_row_69dee1c8dfb860_35363031 .cmsmasters_row_outer_parent { \n\tpadding-top: 0px; \n} \n\n#cmsmasters_row_69dee1c8dfb860_35363031 .cmsmasters_row_outer_parent { \n\tpadding-bottom: 50px; \n} \n\n\n#cmsmasters_button_69dee1c8dfda38_83129317 { \n\ttext-align:center; \n} \n\n#cmsmasters_button_69dee1c8dfda38_83129317 .cmsmasters_button:before { \n\tmargin-right:.5em; \n\tmargin-left:0; \n\tvertical-align:baseline; \n} \n\n#cmsmasters_button_69dee1c8dfda38_83129317 .cmsmasters_button { \n\tfont-weight:normal; \n\tfont-style:normal; \n\tborder-style:solid; \n} \n#cmsmasters_button_69dee1c8dfda38_83129317 .cmsmasters_button:hover { \n} \n<\/style><div id=\"cmsmasters_row_69dee1c8df6823_79642028\" class=\"cmsmasters_row cmsmasters_color_scheme_default cmsmasters_row_top_default cmsmasters_row_bot_default cmsmasters_row_boxed\">\n<div class=\"cmsmasters_row_outer_parent\">\n<div class=\"cmsmasters_row_outer\">\n<div class=\"cmsmasters_row_inner\">\n<div class=\"cmsmasters_row_margin\">\n<div class=\"cmsmasters_column one_first\">\n<div class=\"cmsmasters_text\">\n<h2 class=\"wp-block-heading\"><strong>Il superamento della DemonCrazia<\/strong><\/h2>\n<\/div>\n<\/div>\n<\/div>\n<\/div>\n<\/div>\n<\/div>\n<\/div>\n<div id=\"cmsmasters_row_69dee1c8df9df8_54716479\" class=\"cmsmasters_row cmsmasters_color_scheme_default cmsmasters_row_top_default cmsmasters_row_bot_default cmsmasters_row_boxed\">\n<div class=\"cmsmasters_row_outer_parent\">\n<div class=\"cmsmasters_row_outer\">\n<div class=\"cmsmasters_row_inner\">\n<div class=\"cmsmasters_row_margin\">\n<div class=\"cmsmasters_column one_first\">\n<div class=\"cmsmasters_text\">\n<p align=\"LEFT\"><span style=\"color: #333333;\"><span style=\"font-family: Arial, sans-serif;\"><span style=\"font-size: medium;\">In questi ultimi tre anni di Resistenza alla Dittatura globale, abbiamo sentito martellare continuamente frasi e slogan di questo tipo: \u201cse tutti ci ribellassimo&#8230; se tutti noi andassimo a firmare&#8230; se tutti noi ci rifiutassimo di obbedire&#8230;\u201d e via di questo passo.<\/span><\/span><\/span><\/p>\n<p align=\"LEFT\"><span style=\"color: #333333;\"><span style=\"font-family: Arial, sans-serif;\"><span style=\"font-size: medium;\">Il problema appunto \u00e8 che MAI e poi MAI \u201ctutti\u201d faranno una certa determinata cosa.<\/span><\/span><\/span><\/p>\n<p align=\"LEFT\"><span style=\"color: #333333;\"><span style=\"font-family: Arial, sans-serif;\"><span style=\"font-size: medium;\">Un altro mantra similare che sentiamo ripetere ad ogni circostanza \u00e8: \u201cDobbiamo raggiungere la massa critica!\u201d.<\/span><\/span><\/span><\/p>\n<p align=\"LEFT\"><span style=\"color: #333333;\"><span style=\"font-family: Arial, sans-serif;\"><span style=\"font-size: medium;\">Vi do una notizia: la massa critica semplicemente non c&#8217;\u00e8. <\/span><\/span><\/span><\/p>\n<p align=\"LEFT\"><span style=\"color: #333333;\"><span style=\"font-family: Arial, sans-serif;\"><span style=\"font-size: medium;\">O meglio, la massa critica c&#8217;\u00e8, ma \u00e8 composta dalla massa dei sostenitori del potere vigente. Il resto \u00e8 minoranza.<\/span><\/span><\/span><\/p>\n<p align=\"LEFT\"><span style=\"color: #333333;\"><span style=\"font-family: Arial, sans-serif;\"><span style=\"font-size: medium;\">E la minoranza non ha mai potere decisionale all&#8217;interno di una DemonCrazia.<\/span><\/span><\/span><\/p>\n<p align=\"LEFT\"><span style=\"color: #333333;\"><span style=\"font-family: Arial, sans-serif;\"><span style=\"font-size: medium;\">Questa \u00e8 la ragione per cui non si pu\u00f2 DemonCraticamente sconfiggere una Dittatura.<\/span><\/span><\/span><\/p>\n<p align=\"LEFT\"><span style=\"color: #333333;\"><span style=\"font-family: Arial, sans-serif;\"><span style=\"font-size: medium;\">Gli strumenti DemonCratici sono assolutamente inetti ed inadeguati a scalzare una Tirannia, semplicemente perch\u00e9 la DemonCrazia si fonda sul criterio numerico di maggioranza e, di solito, la maggioranza sostiene il Regime. <\/span><\/span><\/span><\/p>\n<p align=\"LEFT\"><span style=\"color: #333333;\"><span style=\"font-family: Arial, sans-serif;\"><span style=\"font-size: medium;\">Come la storia ci insegna, nessuna Dittatura pu\u00f2 instaurarsi se non prodotta e sorretta dal consenso della maggioranza. Anzi, le Dittature sono il frutto dell&#8217;isteria delle masse represse.<\/span><\/span><\/span><\/p>\n<p align=\"LEFT\"><span style=\"color: #333333;\"><span style=\"font-family: Arial, sans-serif;\"><span style=\"font-size: medium;\">Questa \u00e8 la ragione per cui tre anni di raccolta firme, di denunce deposte in tribunale, di manifestazioni pacifiche in piazza, non abbiano prodotto alcun risultato significativo.<\/span><\/span><\/span><\/p>\n<p align=\"LEFT\"><span style=\"color: #333333;\"><span style=\"font-family: Arial, sans-serif;\"><span style=\"font-size: medium;\">Ed \u00e8 questo il motivo anche della grande disillusione prodottasi negli animi dei dissidenti che tanto hanno sperato e creduto nella lotta pacifica e \u201cnon-violenta\u201d.<\/span><\/span><\/span><\/p>\n<p align=\"LEFT\">(<a href=\"https:\/\/reggedeisovrani.com\/index.php\/scioperodellafame_tutino\/\" target=\"_blank\" rel=\"noopener\"><em>Leggi articolo su sciopero della fame di Davide Tutino<\/em><\/a>)<\/p>\n<p align=\"LEFT\"><span style=\"color: #333333;\"><span style=\"font-family: Arial, sans-serif;\"><span style=\"font-size: medium;\">Questi esiti deludenti e scoraggianti devono semplicemente metterci di fronte ad una realt\u00e0 che fatichiamo a voler accettare: fino a quando non ci decideremo davvero a risolvere il problema alla radice, saremo condannati a ripercorre i medesimi cicli e gironi infernali senza mai trovare via d&#8217;uscita. Continueremo perennemente a commettere i medesimi errori che produrranno, a loro volta, i medesimi risultati.<\/span><\/span><\/span><\/p>\n<p align=\"LEFT\"><span style=\"color: #333333;\"><span style=\"font-family: Arial, sans-serif;\"><span style=\"font-size: medium;\">Per questa ragione dobbiamo ripensare completamente il paradigma di base su cui modellare una societ\u00e0 nuova e completamente diversa da tutto ci\u00f2 che abbiamo sperimentato fino ad oggi. <\/span><\/span><\/span><\/p>\n<p align=\"LEFT\"><span style=\"color: #333333;\"><span style=\"font-family: Arial, sans-serif;\"><span style=\"font-size: medium;\">Dobbiamo avere il coraggio e l&#8217;audacia di sperimentare un modello innovativo che non ha paragoni storici.<\/span><\/span><\/span><\/p>\n<p align=\"LEFT\"><span style=\"color: #333333;\"><span style=\"font-family: Arial, sans-serif;\"><span style=\"font-size: medium;\">Questo \u00e8 quello che noi Pionieri dei Nuovo Mondo stiamo tentando di creare.<\/span><\/span><\/span><\/p>\n<p align=\"LEFT\"><span style=\"color: #333333;\"><span style=\"font-family: Arial, sans-serif;\"><span style=\"font-size: medium;\">Ti invito a visionare il materiale gratuito sul Nuovo Paradigma sociale che abbiamo messo a disposizione in questo sito.<\/span><\/span><\/span><\/p>\n<\/div>\n<\/div>\n<\/div>\n<\/div>\n<\/div>\n<\/div>\n<\/div>\n<div id=\"cmsmasters_row_69dee1c8dfb860_35363031\" class=\"cmsmasters_row cmsmasters_color_scheme_default cmsmasters_row_top_default cmsmasters_row_bot_default cmsmasters_row_boxed\">\n<div class=\"cmsmasters_row_outer_parent\">\n<div class=\"cmsmasters_row_outer\">\n<div class=\"cmsmasters_row_inner\">\n<div class=\"cmsmasters_row_margin\">\n<div class=\"cmsmasters_column one_first\">\n\n<div id=\"cmsmasters_button_69dee1c8dfda38_83129317\" class=\"button_wrap\"><a href=\"https:\/\/reggedeisovrani.com\/index.php\/qk-vision\/\" class=\"cmsmasters_button\"><span>Verso il Nuovo Paradigma sociale<\/span><\/a><\/div>\n<\/div>\n<\/div>\n<\/div>\n<\/div>\n<\/div>\n<\/div>\n<div id=\"cmsmasters_row_69dee1c8dfdc25_12839918\" class=\"cmsmasters_row cmsmasters_color_scheme_default cmsmasters_row_top_default cmsmasters_row_bot_default cmsmasters_row_boxed\">\n<div class=\"cmsmasters_row_outer_parent\">\n<div class=\"cmsmasters_row_outer\">\n<div class=\"cmsmasters_row_inner\">\n<div class=\"cmsmasters_row_margin\">\n<div class=\"cmsmasters_column one_first\">\n<div class=\"cmsmasters_text\">\n<div class=\"wp-block-image\">\n<figure class=\"aligncenter size-full\"><img loading=\"lazy\" decoding=\"async\" width=\"768\" height=\"512\" class=\"wp-image-13923\" src=\"http:\/\/reggedeisovrani.com\/wp-content\/uploads\/2023\/06\/Dante.jpeg\" alt=\"\" srcset=\"https:\/\/reggedeisovrani.com\/wp-content\/uploads\/2023\/06\/Dante.jpeg 768w, https:\/\/reggedeisovrani.com\/wp-content\/uploads\/2023\/06\/Dante-300x200.jpeg 300w, https:\/\/reggedeisovrani.com\/wp-content\/uploads\/2023\/06\/Dante-580x387.jpeg 580w\" sizes=\"auto, (max-width: 768px) 100vw, 768px\" \/><\/figure>\n<\/div>\n<div class=\"wp-block-buttons is-layout-flex wp-block-buttons-is-layout-flex\">\u00a0<\/div>\n<div class=\"wp-block-buttons is-content-justification-center is-layout-flex wp-container-core-buttons-is-layout-16018d1d wp-block-buttons-is-layout-flex\"><\/div>\n<\/div>\n<\/div>\n<\/div>\n<\/div>\n<\/div>\n<\/div>\n<\/div>\n","protected":false},"excerpt":{"rendered":"","protected":false},"author":1,"featured_media":0,"parent":0,"menu_order":0,"comment_status":"closed","ping_status":"closed","template":"","meta":{"footnotes":""},"class_list":["post-13930","page","type-page","status-publish","hentry"],"yoast_head":"<!-- This site is optimized with the Yoast SEO plugin v19.3 - https:\/\/yoast.com\/wordpress\/plugins\/seo\/ -->\n<title>I gironi infernali della DemonCrazia - Regge dei Sovrani<\/title>\n<meta name=\"description\" content=\"I gironi infernali della DemonCrazia\" \/>\n<meta name=\"robots\" content=\"index, follow, max-snippet:-1, max-image-preview:large, max-video-preview:-1\" \/>\n<link rel=\"canonical\" href=\"https:\/\/reggedeisovrani.com\/index.php\/i-gironi-infernali-della-demoncrazia\/\" \/>\n<meta property=\"og:locale\" content=\"it_IT\" \/>\n<meta property=\"og:type\" content=\"article\" \/>\n<meta property=\"og:title\" content=\"I gironi infernali della DemonCrazia - Regge dei Sovrani\" \/>\n<meta property=\"og:description\" content=\"I gironi infernali della DemonCrazia\" \/>\n<meta property=\"og:url\" content=\"https:\/\/reggedeisovrani.com\/index.php\/i-gironi-infernali-della-demoncrazia\/\" \/>\n<meta property=\"og:site_name\" content=\"Regge dei Sovrani\" \/>\n<meta property=\"article:modified_time\" content=\"2023-06-24T14:56:30+00:00\" \/>\n<meta property=\"og:image\" content=\"http:\/\/reggedeisovrani.com\/wp-content\/uploads\/2023\/06\/Dante.jpeg\" \/>\n<meta name=\"twitter:card\" content=\"summary_large_image\" \/>\n<meta name=\"twitter:label1\" content=\"Tempo di lettura stimato\" \/>\n\t<meta name=\"twitter:data1\" content=\"3 minuti\" \/>\n<script type=\"application\/ld+json\" class=\"yoast-schema-graph\">{\"@context\":\"https:\/\/schema.org\",\"@graph\":[{\"@type\":\"WebSite\",\"@id\":\"https:\/\/reggedeisovrani.com\/#website\",\"url\":\"https:\/\/reggedeisovrani.com\/\",\"name\":\"Regge dei Sovrani\",\"description\":\"Verso il Nuovo Paradigma\",\"potentialAction\":[{\"@type\":\"SearchAction\",\"target\":{\"@type\":\"EntryPoint\",\"urlTemplate\":\"https:\/\/reggedeisovrani.com\/?s={search_term_string}\"},\"query-input\":\"required name=search_term_string\"}],\"inLanguage\":\"it-IT\"},{\"@type\":\"ImageObject\",\"inLanguage\":\"it-IT\",\"@id\":\"https:\/\/reggedeisovrani.com\/index.php\/i-gironi-infernali-della-demoncrazia\/#primaryimage\",\"url\":\"https:\/\/reggedeisovrani.com\/wp-content\/uploads\/2023\/06\/Dante.jpeg\",\"contentUrl\":\"https:\/\/reggedeisovrani.com\/wp-content\/uploads\/2023\/06\/Dante.jpeg\",\"width\":768,\"height\":512},{\"@type\":\"WebPage\",\"@id\":\"https:\/\/reggedeisovrani.com\/index.php\/i-gironi-infernali-della-demoncrazia\/\",\"url\":\"https:\/\/reggedeisovrani.com\/index.php\/i-gironi-infernali-della-demoncrazia\/\",\"name\":\"I gironi infernali della DemonCrazia - Regge dei Sovrani\",\"isPartOf\":{\"@id\":\"https:\/\/reggedeisovrani.com\/#website\"},\"primaryImageOfPage\":{\"@id\":\"https:\/\/reggedeisovrani.com\/index.php\/i-gironi-infernali-della-demoncrazia\/#primaryimage\"},\"datePublished\":\"2023-06-24T14:36:41+00:00\",\"dateModified\":\"2023-06-24T14:56:30+00:00\",\"description\":\"I gironi infernali della DemonCrazia\",\"breadcrumb\":{\"@id\":\"https:\/\/reggedeisovrani.com\/index.php\/i-gironi-infernali-della-demoncrazia\/#breadcrumb\"},\"inLanguage\":\"it-IT\",\"potentialAction\":[{\"@type\":\"ReadAction\",\"target\":[\"https:\/\/reggedeisovrani.com\/index.php\/i-gironi-infernali-della-demoncrazia\/\"]}]},{\"@type\":\"BreadcrumbList\",\"@id\":\"https:\/\/reggedeisovrani.com\/index.php\/i-gironi-infernali-della-demoncrazia\/#breadcrumb\",\"itemListElement\":[{\"@type\":\"ListItem\",\"position\":1,\"name\":\"Home\",\"item\":\"https:\/\/reggedeisovrani.com\/\"},{\"@type\":\"ListItem\",\"position\":2,\"name\":\"I gironi infernali della DemonCrazia\"}]}]}<\/script>\n<!-- \/ Yoast SEO plugin. -->","yoast_head_json":{"title":"I gironi infernali della DemonCrazia - Regge dei Sovrani","description":"I gironi infernali della DemonCrazia","robots":{"index":"index","follow":"follow","max-snippet":"max-snippet:-1","max-image-preview":"max-image-preview:large","max-video-preview":"max-video-preview:-1"},"canonical":"https:\/\/reggedeisovrani.com\/index.php\/i-gironi-infernali-della-demoncrazia\/","og_locale":"it_IT","og_type":"article","og_title":"I gironi infernali della DemonCrazia - Regge dei Sovrani","og_description":"I gironi infernali della DemonCrazia","og_url":"https:\/\/reggedeisovrani.com\/index.php\/i-gironi-infernali-della-demoncrazia\/","og_site_name":"Regge dei Sovrani","article_modified_time":"2023-06-24T14:56:30+00:00","og_image":[{"url":"http:\/\/reggedeisovrani.com\/wp-content\/uploads\/2023\/06\/Dante.jpeg"}],"twitter_card":"summary_large_image","twitter_misc":{"Tempo di lettura stimato":"3 minuti"},"schema":{"@context":"https:\/\/schema.org","@graph":[{"@type":"WebSite","@id":"https:\/\/reggedeisovrani.com\/#website","url":"https:\/\/reggedeisovrani.com\/","name":"Regge dei Sovrani","description":"Verso il Nuovo Paradigma","potentialAction":[{"@type":"SearchAction","target":{"@type":"EntryPoint","urlTemplate":"https:\/\/reggedeisovrani.com\/?s={search_term_string}"},"query-input":"required name=search_term_string"}],"inLanguage":"it-IT"},{"@type":"ImageObject","inLanguage":"it-IT","@id":"https:\/\/reggedeisovrani.com\/index.php\/i-gironi-infernali-della-demoncrazia\/#primaryimage","url":"https:\/\/reggedeisovrani.com\/wp-content\/uploads\/2023\/06\/Dante.jpeg","contentUrl":"https:\/\/reggedeisovrani.com\/wp-content\/uploads\/2023\/06\/Dante.jpeg","width":768,"height":512},{"@type":"WebPage","@id":"https:\/\/reggedeisovrani.com\/index.php\/i-gironi-infernali-della-demoncrazia\/","url":"https:\/\/reggedeisovrani.com\/index.php\/i-gironi-infernali-della-demoncrazia\/","name":"I gironi infernali della DemonCrazia - Regge dei Sovrani","isPartOf":{"@id":"https:\/\/reggedeisovrani.com\/#website"},"primaryImageOfPage":{"@id":"https:\/\/reggedeisovrani.com\/index.php\/i-gironi-infernali-della-demoncrazia\/#primaryimage"},"datePublished":"2023-06-24T14:36:41+00:00","dateModified":"2023-06-24T14:56:30+00:00","description":"I gironi infernali della DemonCrazia","breadcrumb":{"@id":"https:\/\/reggedeisovrani.com\/index.php\/i-gironi-infernali-della-demoncrazia\/#breadcrumb"},"inLanguage":"it-IT","potentialAction":[{"@type":"ReadAction","target":["https:\/\/reggedeisovrani.com\/index.php\/i-gironi-infernali-della-demoncrazia\/"]}]},{"@type":"BreadcrumbList","@id":"https:\/\/reggedeisovrani.com\/index.php\/i-gironi-infernali-della-demoncrazia\/#breadcrumb","itemListElement":[{"@type":"ListItem","position":1,"name":"Home","item":"https:\/\/reggedeisovrani.com\/"},{"@type":"ListItem","position":2,"name":"I gironi infernali della DemonCrazia"}]}]}},"_links":{"self":[{"href":"https:\/\/reggedeisovrani.com\/index.php\/wp-json\/wp\/v2\/pages\/13930","targetHints":{"allow":["GET"]}}],"collection":[{"href":"https:\/\/reggedeisovrani.com\/index.php\/wp-json\/wp\/v2\/pages"}],"about":[{"href":"https:\/\/reggedeisovrani.com\/index.php\/wp-json\/wp\/v2\/types\/page"}],"author":[{"embeddable":true,"href":"https:\/\/reggedeisovrani.com\/index.php\/wp-json\/wp\/v2\/users\/1"}],"replies":[{"embeddable":true,"href":"https:\/\/reggedeisovrani.com\/index.php\/wp-json\/wp\/v2\/comments?post=13930"}],"version-history":[{"count":10,"href":"https:\/\/reggedeisovrani.com\/index.php\/wp-json\/wp\/v2\/pages\/13930\/revisions"}],"predecessor-version":[{"id":13945,"href":"https:\/\/reggedeisovrani.com\/index.php\/wp-json\/wp\/v2\/pages\/13930\/revisions\/13945"}],"wp:attachment":[{"href":"https:\/\/reggedeisovrani.com\/index.php\/wp-json\/wp\/v2\/media?parent=13930"}],"curies":[{"name":"wp","href":"https:\/\/api.w.org\/{rel}","templated":true}]}}