{"id":13875,"date":"2023-06-24T13:07:49","date_gmt":"2023-06-24T11:07:49","guid":{"rendered":"https:\/\/reggedeisovrani.com\/?page_id=13875"},"modified":"2023-06-24T15:08:43","modified_gmt":"2023-06-24T13:08:43","slug":"scioperodellafame_tutino","status":"publish","type":"page","link":"https:\/\/reggedeisovrani.com\/index.php\/scioperodellafame_tutino\/","title":{"rendered":"Tutino fa lo sciopero della fame. La lotta &#8220;non-violenta&#8221; \u00e8 altruistica o masochista?"},"content":{"rendered":"<style type=\"text\/css\"> \n#cmsmasters_row_69dfc94bc06fa7_26188941 .cmsmasters_row_outer_parent { \n\tpadding-top: 0px; \n} \n\n#cmsmasters_row_69dfc94bc06fa7_26188941 .cmsmasters_row_outer_parent { \n\tpadding-bottom: 50px; \n} \n\n<\/style><div id=\"cmsmasters_row_69dfc94bc06fa7_26188941\" class=\"cmsmasters_row cmsmasters_color_scheme_default cmsmasters_row_top_default cmsmasters_row_bot_default cmsmasters_row_boxed\">\n<div class=\"cmsmasters_row_outer_parent\">\n<div class=\"cmsmasters_row_outer\">\n<div class=\"cmsmasters_row_inner\">\n<div class=\"cmsmasters_row_margin\">\n<div class=\"cmsmasters_column one_first\">\n<div class=\"cmsmasters_text\">\n<p><span style=\"color: #333333;\"><span style=\"font-family: Arial, sans-serif;\"><span style=\"font-size: x-large;\">\u00ab<b>Referendum: Davide Tutino in sciopero della fame da due settimane, \u00e8 un cadavere che cammina con una croce addosso. Salvatelo adesso!<\/b>\u00bb<\/span><\/span><\/span><\/p>\n<p><span style=\"color: #333333;\"><span style=\"font-family: Arial, sans-serif;\"><span style=\"font-size: medium;\">cos\u00ec titola Claudio Messora sul suo canale telegram.<\/span><\/span><\/span><\/p>\n<p><span style=\"color: #333333;\"><span style=\"font-family: Arial, sans-serif;\"><span style=\"font-size: medium;\">L&#8217;attivista Davide Tutino, Presidente della Resistenza Radicale Nonviolenta, il 3 giugno ha cominciato uno sciopero della fame che protrarr\u00e0 ad oltranza fino a quando non verranno raggiunte le 500.000 firme necessarie al Referendum contro l&#8217;invio delle armi in Ucraina.<\/span><\/span><\/span><\/p>\n<p align=\"LEFT\"><span style=\"color: #333333;\"><span style=\"font-family: Arial, sans-serif;\"><span style=\"font-size: medium;\">In molti appelli che corrono online si dice che Tutino sia ormai pelle ed ossa e ci viene chiesto di salvarlo, andando a firmare il Referendum. Un gesto disperato ed eroico da apprezzare nell\u2019intenzione che lo motiva, intenzione che tutti noi condividiamo e sosteniamo. Sicuramente il suo zelo dimostra il livello di ardore che lo anima.<\/span><\/span><\/span><\/p>\n<p align=\"LEFT\"><span style=\"color: #333333;\"><span style=\"font-family: Arial, sans-serif;\"><span style=\"font-size: medium;\">A questo proposito invito tutti a recarsi ai banchetti di raccolta firme elencate a questo link:<\/span><\/span><\/span><\/p>\n<p align=\"LEFT\"><a href=\"https:\/\/www.byoblu.com\/qui-referendum\/\" target=\"_blank\" rel=\"noopener\"><span style=\"color: #333333;\"><span style=\"font-family: Arial, sans-serif;\"><span style=\"font-size: medium;\">https:\/\/www.byoblu.com\/qui-referendum\/<\/span><\/span><\/span><\/a><\/p>\n<p align=\"LEFT\"><img loading=\"lazy\" decoding=\"async\" class=\"aligncenter size-large wp-image-13883\" src=\"http:\/\/reggedeisovrani.com\/wp-content\/uploads\/2023\/06\/Tutinop-1024x538.jpg\" alt=\"\" width=\"1024\" height=\"538\" srcset=\"https:\/\/reggedeisovrani.com\/wp-content\/uploads\/2023\/06\/Tutinop-1024x538.jpg 1024w, https:\/\/reggedeisovrani.com\/wp-content\/uploads\/2023\/06\/Tutinop-300x158.jpg 300w, https:\/\/reggedeisovrani.com\/wp-content\/uploads\/2023\/06\/Tutinop-768x404.jpg 768w, https:\/\/reggedeisovrani.com\/wp-content\/uploads\/2023\/06\/Tutinop-580x305.jpg 580w, https:\/\/reggedeisovrani.com\/wp-content\/uploads\/2023\/06\/Tutinop-860x452.jpg 860w, https:\/\/reggedeisovrani.com\/wp-content\/uploads\/2023\/06\/Tutinop-1160x610.jpg 1160w, https:\/\/reggedeisovrani.com\/wp-content\/uploads\/2023\/06\/Tutinop.jpg 1199w\" sizes=\"auto, (max-width: 1024px) 100vw, 1024px\" \/><\/p>\n<p align=\"LEFT\"><span style=\"color: #333333;\"><span style=\"font-family: Arial, sans-serif;\"><span style=\"font-size: medium;\">Poich\u00e9 tuttavia ogni evento costituisce materia di attenta analisi e ogni situazione della vita sociale pu\u00f2 diventare per noi una preziosissima opportunit\u00e0 di crescita evolutiva, vi propongo alcune riflessioni personali, a partire da questa modalit\u00e0 di lotta politica normalmente definita \u201cnon-violenta\u201d.<\/span><\/span><\/span><\/p>\n<p align=\"LEFT\"><span style=\"color: #333333;\"><span style=\"font-family: Arial, sans-serif;\"><span style=\"font-size: medium;\">Da ragazzina idealista, mi definivo una pacifista gandhiana, in quanto consideravo la lotta non-violenta come la modalit\u00e0 pi\u00f9 nobile e suprema di sacrificio di s\u00e9 per la conquista della libert\u00e0 e dei propri diritti.<\/span><\/span><\/span><\/p>\n<p align=\"LEFT\"><img loading=\"lazy\" decoding=\"async\" class=\"size-cmsmasters-project-masonry-thumb wp-image-13877 alignleft\" src=\"http:\/\/reggedeisovrani.com\/wp-content\/uploads\/2023\/06\/Sciopero-fame-Gandhi-580x373.jpg\" alt=\"\" width=\"580\" height=\"373\" srcset=\"https:\/\/reggedeisovrani.com\/wp-content\/uploads\/2023\/06\/Sciopero-fame-Gandhi-580x373.jpg 580w, https:\/\/reggedeisovrani.com\/wp-content\/uploads\/2023\/06\/Sciopero-fame-Gandhi-300x193.jpg 300w, https:\/\/reggedeisovrani.com\/wp-content\/uploads\/2023\/06\/Sciopero-fame-Gandhi-768x493.jpg 768w, https:\/\/reggedeisovrani.com\/wp-content\/uploads\/2023\/06\/Sciopero-fame-Gandhi-860x552.jpg 860w, https:\/\/reggedeisovrani.com\/wp-content\/uploads\/2023\/06\/Sciopero-fame-Gandhi.jpg 931w\" sizes=\"auto, (max-width: 580px) 100vw, 580px\" \/><span style=\"color: #333333;\"><span style=\"font-family: Arial, sans-serif;\"><span style=\"font-size: medium;\">Da quasi vent&#8217;anni vivo in Israele, un paese perennemente in guerra. <\/span><\/span><\/span><span style=\"color: #333333;\"><span style=\"font-family: Arial, sans-serif;\"><span style=\"font-size: medium;\">Ho sub\u00ecto l&#8217;orrore della guerra e del terrorismo in prima persona.<\/span><\/span><\/span><\/p>\n<p align=\"LEFT\"><span style=\"color: #333333;\"><span style=\"font-family: Arial, sans-serif;\"><span style=\"font-size: medium;\">Purtroppo so, sulla mia pelle, cosa sia la guerra, cosa siano le armi, cosa sia la distruzione, cosa siano l&#8217;odio e la follia umana.<\/span><\/span><\/span><\/p>\n<p align=\"LEFT\"><span style=\"color: #333333;\"><span style=\"font-family: Arial, sans-serif;\"><span style=\"font-size: medium;\">Per molti anni sono stata una fervida attivista per la Pace, lavorando infaticabilmente per la promozione del dialogo fra israeliani e palestinesi.<\/span><\/span><\/span><\/p>\n<p align=\"LEFT\"><span style=\"color: #333333;\"><span style=\"font-family: Arial, sans-serif;\"><span style=\"font-size: medium;\">Questa lunga e logorante esperienza nel corso degli anni, mi ha fatto comprendere come uscire dalle dinamiche oppositive che portano irrimediabilmente allo scontro ed alla guerra.<\/span><\/span><\/span><\/p>\n<p align=\"LEFT\"><span style=\"color: #333333;\"><span style=\"font-family: Arial, sans-serif;\"><span style=\"font-size: medium;\">E ho capito che la cosiddetta non-violenza non \u00e8 nient&#8217;altro che l&#8217;altra faccia della stessa medaglia dualistica. Infatti, la non-violenza ricorre ad altrettanta violenza che la guerra. La sola differenza \u00e8 che in guerra la violenza viene sfogata contro il nemico fuori di s\u00e9; nella lotta non-violenta, invece, la medesima violenza viene inferta contro se stessi.<\/span><\/span><\/span><\/p>\n<p align=\"LEFT\"><span style=\"color: #333333;\"><span style=\"font-family: Arial, sans-serif;\"><span style=\"font-size: medium;\">Sempre di violenza si tratta: non uccido te, ma uccido me stesso. <\/span><\/span><\/span><\/p>\n<p align=\"LEFT\"><span style=\"color: #333333;\"><span style=\"font-family: Arial, sans-serif;\"><span style=\"font-size: medium;\">Nel caso della guerra trattasi di violenza distruttiva contro l\u2019esterno, nella guerra \u201cpacifista\u201d di violenza distruttiva verso l\u2019interno. <\/span><\/span><\/span><\/p>\n<p align=\"LEFT\"><span style=\"color: #333333;\"><span style=\"font-family: Arial, sans-serif;\"><span style=\"font-size: medium;\">Potremmo quasi dire che \u00e8 la medesima differenza che passa fra sadismo e masochismo, fra esplosione ed implosione.<\/span><\/span><\/span><\/p>\n<p align=\"LEFT\"><span style=\"color: #333333;\"><span style=\"font-family: Arial, sans-serif;\"><span style=\"font-size: medium;\">Potremmo dire che la violenza si esprime in tre modalit\u00e0:<\/span><\/span><\/span><\/p>\n<ul>\n<li><span style=\"color: #333333;\"><span style=\"font-family: Arial, sans-serif;\"><span style=\"font-size: medium;\">La violenza contro il nemico fuori di s\u00e9, in cui io uccido l&#8217;altro (modalit\u00e0 tipica del soldato in battaglia). Questa modalit\u00e0 si posa su una visione ideologica che considera l&#8217;autodifesa come la modalit\u00e0 combattiva pi\u00f9 efficace.<\/span><\/span><\/span><\/li>\n<li><span style=\"color: #333333;\"><span style=\"font-family: Arial, sans-serif;\"><span style=\"font-size: medium;\">La violenza che impongo a me stesso, in cui mi autodistruggo o lascio che l&#8217;altro mi uccida (modalit\u00e0 tipica dell&#8217;attivista non-violento). Questa modalit\u00e0 si poggia su una visione religiosa e moralistica che considera il sacrificio supremo di s\u00e9 come la modalit\u00e0 combattiva pi\u00f9 alta e pi\u00f9 nobile.<\/span><\/span><\/span><\/li>\n<li><span style=\"color: #333333;\"><span style=\"font-family: Arial, sans-serif;\"><span style=\"font-size: medium;\">La violenza che riverso contro di me e contro gli altri (modalit\u00e0 tipica del kamikaze o del terrorista jihadista che uccide se stesso per uccidere gli altri). Questa modalit\u00e0 si posa su una visione ideologica che include le due modalit\u00e0 precedenti: l&#8217;uccisione e l&#8217;immolazione.<\/span><\/span><\/span><\/li>\n<\/ul>\n<p><span style=\"color: #333333;\"><span style=\"font-family: Arial, sans-serif;\"><span style=\"font-size: medium;\">In entrambe queste tre modalit\u00e0, si fa ricorso alla violenza distruttiva, sia essa esplosiva verso l&#8217;esterno, sia essa implosiva verso l&#8217;interno. E come tali, sono tutte modalit\u00e0 contro la Vita, l&#8217;istinto alla sopravvivenza e l&#8217;anelito alla Vita.<\/span><\/span><\/span><\/p>\n<p align=\"LEFT\"><strong><span style=\"color: #333333;\"><span style=\"font-family: Arial, sans-serif;\"><span style=\"font-size: medium;\">Uccidere se stessi non \u00e8 meno grave che uccidere gli altri.<\/span><\/span><\/span><\/strong><\/p>\n<p align=\"LEFT\"><strong><span style=\"color: #333333;\"><span style=\"font-family: Arial, sans-serif;\"><span style=\"font-size: medium;\">Senza contare che in tutte queste modalit\u00e0, si rimane sempre all&#8217;interno della dinamica dualistica oppositiva che \u00e8 all&#8217;origine di ogni conflitto.<\/span><\/span><\/span><\/strong><\/p>\n<p align=\"LEFT\"><strong><span style=\"color: #333333;\"><span style=\"font-family: Arial, sans-serif;\"><span style=\"font-size: medium;\">Io non voglio uccidere, n\u00e9 uccidermi, n\u00e9 essere uccisa.<\/span><\/span><\/span><\/strong><\/p>\n<p align=\"LEFT\"><strong><span style=\"color: #333333;\"><span style=\"font-family: Arial, sans-serif;\"><span style=\"font-size: medium;\">Voglio vivere. Vivere in un mondo di persone vive e libere.<\/span><\/span><\/span><\/strong><\/p>\n<p align=\"LEFT\"><span style=\"color: #333333;\"><span style=\"font-family: Arial, sans-serif;\"><span style=\"font-size: medium;\">E poi, diciamocelo francamente, senza offendere n\u00e9 ferire la sensibilit\u00e0 di nessuno: ormai tutte queste modalit\u00e0 hanno fatto il loro tempo, sono vecchie ed inefficaci. Soprattutto poi, semplicemente non funzionano, non ci portano mai alla SOLUZIONE dei problemi.<\/span><\/span><\/span><\/p>\n<p align=\"LEFT\"><span style=\"color: #333333;\"><span style=\"font-family: Arial, sans-serif;\"><span style=\"font-size: medium;\">Credo che il vero motivo per cui le persone non corrano a firmare il Referendum, non sia solo il menefreghismo, ma \u00e8 segno di disillusione nei confronti di tutte queste modalit\u00e0 che in questi tre anni di lotta e di Resistenza non hanno portato di fatto ad alcun risultato significativo. Le persone semplicemente non credono che la loro firma potr\u00e0 fermare la guerra. N\u00e9 credono pi\u00f9 che sia necessario sacrificare la propria vita per una causa che vedono gi\u00e0 persa in partenza. E non vogliono neppure portare su di s\u00e9 il peso del senso di colpa, qualora non si raggiungessero le famose 500.000 firme.<\/span><\/span><\/span><\/p>\n<p align=\"LEFT\"><span style=\"color: #333333;\"><span style=\"font-family: Arial, sans-serif;\"><span style=\"font-size: medium;\">Esiste una terza via altrettanto efficace per ottenere la Libert\u00e0 che non faccia ricorso alla violenza e alla morte?<\/span><\/span><\/span><\/p>\n<p align=\"LEFT\"><span style=\"color: #333333;\"><span style=\"font-family: Arial, sans-serif;\"><span style=\"font-size: medium;\">Si possono risolvere i conflitti in un altro modo pi\u00f9 consono alla Vita?<\/span><\/span><\/span><\/p>\n<p align=\"LEFT\"><span style=\"color: #333333;\"><span style=\"font-family: Arial, sans-serif;\"><span style=\"font-size: medium;\">S\u00ec, esiste un altro modo, esiste una terza via che smantella alla radice il meccanismo dualistico oppositivo.<\/span><\/span><\/span><\/p>\n<p align=\"LEFT\"><a href=\"https:\/\/www.deaofficial.com\/activism\/\" target=\"_blank\" rel=\"noopener\"><img loading=\"lazy\" decoding=\"async\" class=\"alignleft wp-image-13898 size-cmsmasters-project-masonry-thumb\" src=\"http:\/\/reggedeisovrani.com\/wp-content\/uploads\/2023\/06\/WWP-27lug2017-580x393.jpg\" alt=\"Dea attivista di Pace\" width=\"580\" height=\"393\" srcset=\"https:\/\/reggedeisovrani.com\/wp-content\/uploads\/2023\/06\/WWP-27lug2017-580x393.jpg 580w, https:\/\/reggedeisovrani.com\/wp-content\/uploads\/2023\/06\/WWP-27lug2017-300x203.jpg 300w, https:\/\/reggedeisovrani.com\/wp-content\/uploads\/2023\/06\/WWP-27lug2017-768x520.jpg 768w, https:\/\/reggedeisovrani.com\/wp-content\/uploads\/2023\/06\/WWP-27lug2017-860x583.jpg 860w, https:\/\/reggedeisovrani.com\/wp-content\/uploads\/2023\/06\/WWP-27lug2017.jpg 905w\" sizes=\"auto, (max-width: 580px) 100vw, 580px\" \/><\/a><span style=\"color: #333333;\"><span style=\"font-family: Arial, sans-serif;\"><span style=\"font-size: medium;\">Si tratta di una via inclusiva al Femminile, ed \u00e8 quella che sto percorrendo e portando avanti da anni.<\/span><\/span><\/span><\/p>\n<p align=\"LEFT\"><span style=\"color: #333333;\"><span style=\"font-family: Arial, sans-serif;\"><span style=\"font-size: medium;\">So bene di essere sempre controcorrente, e di avere opinioni che scontentano tutti.<\/span><\/span><\/span><\/p>\n<p align=\"LEFT\"><span style=\"color: #333333;\"><span style=\"font-family: Arial, sans-serif;\"><span style=\"font-size: medium;\">Sono anche cosciente che dopo questo mio articolo, mi provocher\u00f2 nuove inimicizie. Ma questo succede ogni volta che esprimo un parere diverso dal pensiero comune.<\/span><\/span><\/span><\/p>\n<p align=\"LEFT\"><span style=\"color: #333333;\"><span style=\"font-family: Arial, sans-serif;\"><span style=\"font-size: medium;\">Precisato questo, spero davvero che Davide Tutino non arrivi a morire. E che resti con noi.<\/span><\/span><\/span><\/p>\n<p align=\"LEFT\"><span style=\"color: #333333;\"><span style=\"font-family: Arial, sans-serif;\"><span style=\"font-size: medium;\">Abbiamo bisogno di guerrieri vivi e forti.<\/span><\/span><\/span><\/p>\n<p align=\"LEFT\"><span style=\"color: #333333;\"><span style=\"font-family: Arial, sans-serif;\"><span style=\"font-size: medium;\">Invito tutti ad andare a firmare il Referendum e a sostenerlo:<\/span><\/span><\/span><\/p>\n<p align=\"LEFT\"><a href=\"https:\/\/www.byoblu.com\/qui-referendum\/\" target=\"_blank\" rel=\"noopener\"><span style=\"color: #333333;\"><span style=\"font-family: Arial, sans-serif;\"><span style=\"font-size: medium;\">https:\/\/www.byoblu.com\/qui-referendum\/<\/span><\/span><\/span><\/a><\/p>\n<p align=\"LEFT\"><span style=\"color: #333333;\"><span style=\"font-family: Arial, sans-serif;\"><span style=\"font-size: medium;\">Dea<\/span><\/span><\/span><\/p>\n<p align=\"LEFT\"><span style=\"color: #333333;\"><span style=\"font-family: Arial, sans-serif;\"><span style=\"font-size: medium;\">Per contattare Dea scrivi a: deaeretica@gmail.com<\/span><\/span><\/span><\/p>\n<\/div>\n<\/div>\n<\/div>\n<\/div>\n<\/div>\n<\/div>\n<\/div>\n\n","protected":false},"excerpt":{"rendered":"","protected":false},"author":1,"featured_media":13883,"parent":0,"menu_order":0,"comment_status":"open","ping_status":"closed","template":"","meta":{"footnotes":""},"class_list":["post-13875","page","type-page","status-publish","has-post-thumbnail","hentry"],"yoast_head":"<!-- This site is optimized with the Yoast SEO plugin v19.3 - https:\/\/yoast.com\/wordpress\/plugins\/seo\/ -->\n<title>Tutino fa lo sciopero della fame. La lotta &quot;non-violenta&quot; \u00e8 altruistica o masochista? - Regge dei Sovrani<\/title>\n<meta name=\"description\" content=\"Tutino fa lo sciopero della fame. La lotta &quot;non-violenta&quot; \u00e8 altruistica o masochista?\" \/>\n<meta name=\"robots\" content=\"index, follow, max-snippet:-1, max-image-preview:large, max-video-preview:-1\" \/>\n<link rel=\"canonical\" href=\"https:\/\/reggedeisovrani.com\/index.php\/scioperodellafame_tutino\/\" \/>\n<meta property=\"og:locale\" content=\"it_IT\" \/>\n<meta property=\"og:type\" content=\"article\" \/>\n<meta property=\"og:title\" content=\"Tutino fa lo sciopero della fame. La lotta &quot;non-violenta&quot; \u00e8 altruistica o masochista? - Regge dei Sovrani\" \/>\n<meta property=\"og:description\" content=\"Tutino fa lo sciopero della fame. La lotta &quot;non-violenta&quot; \u00e8 altruistica o masochista?\" \/>\n<meta property=\"og:url\" content=\"https:\/\/reggedeisovrani.com\/index.php\/scioperodellafame_tutino\/\" \/>\n<meta property=\"og:site_name\" content=\"Regge dei Sovrani\" \/>\n<meta property=\"article:modified_time\" content=\"2023-06-24T13:08:43+00:00\" \/>\n<meta property=\"og:image\" content=\"https:\/\/reggedeisovrani.com\/wp-content\/uploads\/2023\/06\/Tutinop.jpg\" \/>\n\t<meta property=\"og:image:width\" content=\"1199\" \/>\n\t<meta property=\"og:image:height\" content=\"630\" \/>\n\t<meta property=\"og:image:type\" content=\"image\/jpeg\" \/>\n<meta name=\"twitter:card\" content=\"summary_large_image\" \/>\n<meta name=\"twitter:label1\" content=\"Tempo di lettura stimato\" \/>\n\t<meta name=\"twitter:data1\" content=\"5 minuti\" \/>\n<script type=\"application\/ld+json\" class=\"yoast-schema-graph\">{\"@context\":\"https:\/\/schema.org\",\"@graph\":[{\"@type\":\"WebSite\",\"@id\":\"https:\/\/reggedeisovrani.com\/#website\",\"url\":\"https:\/\/reggedeisovrani.com\/\",\"name\":\"Regge dei Sovrani\",\"description\":\"Verso il Nuovo Paradigma\",\"potentialAction\":[{\"@type\":\"SearchAction\",\"target\":{\"@type\":\"EntryPoint\",\"urlTemplate\":\"https:\/\/reggedeisovrani.com\/?s={search_term_string}\"},\"query-input\":\"required name=search_term_string\"}],\"inLanguage\":\"it-IT\"},{\"@type\":\"ImageObject\",\"inLanguage\":\"it-IT\",\"@id\":\"https:\/\/reggedeisovrani.com\/index.php\/scioperodellafame_tutino\/#primaryimage\",\"url\":\"https:\/\/reggedeisovrani.com\/wp-content\/uploads\/2023\/06\/Tutinop.jpg\",\"contentUrl\":\"https:\/\/reggedeisovrani.com\/wp-content\/uploads\/2023\/06\/Tutinop.jpg\",\"width\":1199,\"height\":630},{\"@type\":\"WebPage\",\"@id\":\"https:\/\/reggedeisovrani.com\/index.php\/scioperodellafame_tutino\/\",\"url\":\"https:\/\/reggedeisovrani.com\/index.php\/scioperodellafame_tutino\/\",\"name\":\"Tutino fa lo sciopero della fame. La lotta \\\"non-violenta\\\" \u00e8 altruistica o masochista? - Regge dei Sovrani\",\"isPartOf\":{\"@id\":\"https:\/\/reggedeisovrani.com\/#website\"},\"primaryImageOfPage\":{\"@id\":\"https:\/\/reggedeisovrani.com\/index.php\/scioperodellafame_tutino\/#primaryimage\"},\"datePublished\":\"2023-06-24T11:07:49+00:00\",\"dateModified\":\"2023-06-24T13:08:43+00:00\",\"description\":\"Tutino fa lo sciopero della fame. La lotta \\\"non-violenta\\\" \u00e8 altruistica o masochista?\",\"breadcrumb\":{\"@id\":\"https:\/\/reggedeisovrani.com\/index.php\/scioperodellafame_tutino\/#breadcrumb\"},\"inLanguage\":\"it-IT\",\"potentialAction\":[{\"@type\":\"ReadAction\",\"target\":[\"https:\/\/reggedeisovrani.com\/index.php\/scioperodellafame_tutino\/\"]}]},{\"@type\":\"BreadcrumbList\",\"@id\":\"https:\/\/reggedeisovrani.com\/index.php\/scioperodellafame_tutino\/#breadcrumb\",\"itemListElement\":[{\"@type\":\"ListItem\",\"position\":1,\"name\":\"Home\",\"item\":\"https:\/\/reggedeisovrani.com\/\"},{\"@type\":\"ListItem\",\"position\":2,\"name\":\"Tutino fa lo sciopero della fame. La lotta &#8220;non-violenta&#8221; \u00e8 altruistica o masochista?\"}]}]}<\/script>\n<!-- \/ Yoast SEO plugin. -->","yoast_head_json":{"title":"Tutino fa lo sciopero della fame. La lotta \"non-violenta\" \u00e8 altruistica o masochista? - Regge dei Sovrani","description":"Tutino fa lo sciopero della fame. La lotta \"non-violenta\" \u00e8 altruistica o masochista?","robots":{"index":"index","follow":"follow","max-snippet":"max-snippet:-1","max-image-preview":"max-image-preview:large","max-video-preview":"max-video-preview:-1"},"canonical":"https:\/\/reggedeisovrani.com\/index.php\/scioperodellafame_tutino\/","og_locale":"it_IT","og_type":"article","og_title":"Tutino fa lo sciopero della fame. La lotta \"non-violenta\" \u00e8 altruistica o masochista? - Regge dei Sovrani","og_description":"Tutino fa lo sciopero della fame. La lotta \"non-violenta\" \u00e8 altruistica o masochista?","og_url":"https:\/\/reggedeisovrani.com\/index.php\/scioperodellafame_tutino\/","og_site_name":"Regge dei Sovrani","article_modified_time":"2023-06-24T13:08:43+00:00","og_image":[{"width":1199,"height":630,"url":"https:\/\/reggedeisovrani.com\/wp-content\/uploads\/2023\/06\/Tutinop.jpg","type":"image\/jpeg"}],"twitter_card":"summary_large_image","twitter_misc":{"Tempo di lettura stimato":"5 minuti"},"schema":{"@context":"https:\/\/schema.org","@graph":[{"@type":"WebSite","@id":"https:\/\/reggedeisovrani.com\/#website","url":"https:\/\/reggedeisovrani.com\/","name":"Regge dei Sovrani","description":"Verso il Nuovo Paradigma","potentialAction":[{"@type":"SearchAction","target":{"@type":"EntryPoint","urlTemplate":"https:\/\/reggedeisovrani.com\/?s={search_term_string}"},"query-input":"required name=search_term_string"}],"inLanguage":"it-IT"},{"@type":"ImageObject","inLanguage":"it-IT","@id":"https:\/\/reggedeisovrani.com\/index.php\/scioperodellafame_tutino\/#primaryimage","url":"https:\/\/reggedeisovrani.com\/wp-content\/uploads\/2023\/06\/Tutinop.jpg","contentUrl":"https:\/\/reggedeisovrani.com\/wp-content\/uploads\/2023\/06\/Tutinop.jpg","width":1199,"height":630},{"@type":"WebPage","@id":"https:\/\/reggedeisovrani.com\/index.php\/scioperodellafame_tutino\/","url":"https:\/\/reggedeisovrani.com\/index.php\/scioperodellafame_tutino\/","name":"Tutino fa lo sciopero della fame. La lotta \"non-violenta\" \u00e8 altruistica o masochista? - Regge dei Sovrani","isPartOf":{"@id":"https:\/\/reggedeisovrani.com\/#website"},"primaryImageOfPage":{"@id":"https:\/\/reggedeisovrani.com\/index.php\/scioperodellafame_tutino\/#primaryimage"},"datePublished":"2023-06-24T11:07:49+00:00","dateModified":"2023-06-24T13:08:43+00:00","description":"Tutino fa lo sciopero della fame. La lotta \"non-violenta\" \u00e8 altruistica o masochista?","breadcrumb":{"@id":"https:\/\/reggedeisovrani.com\/index.php\/scioperodellafame_tutino\/#breadcrumb"},"inLanguage":"it-IT","potentialAction":[{"@type":"ReadAction","target":["https:\/\/reggedeisovrani.com\/index.php\/scioperodellafame_tutino\/"]}]},{"@type":"BreadcrumbList","@id":"https:\/\/reggedeisovrani.com\/index.php\/scioperodellafame_tutino\/#breadcrumb","itemListElement":[{"@type":"ListItem","position":1,"name":"Home","item":"https:\/\/reggedeisovrani.com\/"},{"@type":"ListItem","position":2,"name":"Tutino fa lo sciopero della fame. La lotta &#8220;non-violenta&#8221; \u00e8 altruistica o masochista?"}]}]}},"_links":{"self":[{"href":"https:\/\/reggedeisovrani.com\/index.php\/wp-json\/wp\/v2\/pages\/13875","targetHints":{"allow":["GET"]}}],"collection":[{"href":"https:\/\/reggedeisovrani.com\/index.php\/wp-json\/wp\/v2\/pages"}],"about":[{"href":"https:\/\/reggedeisovrani.com\/index.php\/wp-json\/wp\/v2\/types\/page"}],"author":[{"embeddable":true,"href":"https:\/\/reggedeisovrani.com\/index.php\/wp-json\/wp\/v2\/users\/1"}],"replies":[{"embeddable":true,"href":"https:\/\/reggedeisovrani.com\/index.php\/wp-json\/wp\/v2\/comments?post=13875"}],"version-history":[{"count":20,"href":"https:\/\/reggedeisovrani.com\/index.php\/wp-json\/wp\/v2\/pages\/13875\/revisions"}],"predecessor-version":[{"id":13912,"href":"https:\/\/reggedeisovrani.com\/index.php\/wp-json\/wp\/v2\/pages\/13875\/revisions\/13912"}],"wp:featuredmedia":[{"embeddable":true,"href":"https:\/\/reggedeisovrani.com\/index.php\/wp-json\/wp\/v2\/media\/13883"}],"wp:attachment":[{"href":"https:\/\/reggedeisovrani.com\/index.php\/wp-json\/wp\/v2\/media?parent=13875"}],"curies":[{"name":"wp","href":"https:\/\/api.w.org\/{rel}","templated":true}]}}