{"id":13191,"date":"2022-09-08T11:36:25","date_gmt":"2022-09-08T09:36:25","guid":{"rendered":"https:\/\/reggedeisovrani.com\/?page_id=13191"},"modified":"2023-05-31T06:06:22","modified_gmt":"2023-05-31T04:06:22","slug":"formazione-al-nuovo-paradigma","status":"publish","type":"page","link":"https:\/\/reggedeisovrani.com\/index.php\/formazione-al-nuovo-paradigma\/","title":{"rendered":"Formazione al Nuovo Paradigma"},"content":{"rendered":"<style type=\"text\/css\"> \n#cmsmasters_row_69d773e711c184_45866359 .cmsmasters_row_outer_parent { \n\tpadding-top: 30px; \n} \n\n \n#cmsmasters_heading_69d773e711fda { \n\ttext-align:center; \n\tmargin-top:0px; \n\tmargin-bottom:20px; \n} \n\n#cmsmasters_heading_69d773e711fda .cmsmasters_heading { \n\ttext-align:center; \n} \n\n#cmsmasters_heading_69d773e711fda .cmsmasters_heading, #cmsmasters_heading_69d773e711fda .cmsmasters_heading a { \n\tfont-weight:300; \n\tfont-style:normal; \n} \n\n#cmsmasters_heading_69d773e711fda .cmsmasters_heading_divider { \n} \n\n \n#cmsmasters_row_69d773e7120a41_17441892 .cmsmasters_row_outer_parent { \n\tpadding-top: 0px; \n} \n\n#cmsmasters_row_69d773e7120a41_17441892 .cmsmasters_row_outer_parent { \n\tpadding-bottom: 50px; \n} \n\n \n#cmsmasters_row_69d773e714c117_38229506 .cmsmasters_row_outer_parent { \n\tpadding-top: 30px; \n} \n\n#cmsmasters_row_69d773e714c117_38229506 .cmsmasters_row_outer_parent { \n\tpadding-bottom: 50px; \n} \n\n \n#cmsmasters_heading_69d773e714cf4 { \n\ttext-align:center; \n\tmargin-top:0px; \n\tmargin-bottom:20px; \n} \n\n#cmsmasters_heading_69d773e714cf4 .cmsmasters_heading { \n\ttext-align:center; \n} \n\n#cmsmasters_heading_69d773e714cf4 .cmsmasters_heading, #cmsmasters_heading_69d773e714cf4 .cmsmasters_heading a { \n\tfont-weight:300; \n\tfont-style:normal; \n} \n\n#cmsmasters_heading_69d773e714cf4 .cmsmasters_heading_divider { \n} \n\n \n#cmsmasters_row_69d773e714d1f9_74559801 .cmsmasters_row_outer_parent { \n\tpadding-top: 0px; \n} \n\n#cmsmasters_row_69d773e714d1f9_74559801 .cmsmasters_row_outer_parent { \n\tpadding-bottom: 50px; \n} \n\n \n#cmsmasters_icon_list_items_69d773e714e104_41173317.cmsmasters_icon_list_items .cmsmasters_icon_list_item:before { \n\tleft:49.5px; \n\ttop:100px; \n} \n#cmsmasters_icon_list_items_69d773e714e104_41173317.cmsmasters_icon_list_type_block .cmsmasters_icon_list_item:before { \n\twidth:1px; \n} \n\n#cmsmasters_icon_list_items_69d773e714e104_41173317 .cmsmasters_icon_list_icon { \n\twidth:100px; \n\theight:100px; \n\t-webkit-border-radius:50%; \n\tborder-radius:50%; \n} \n\n#cmsmasters_icon_list_items_69d773e714e104_41173317 .cmsmasters_icon_list_icon:before { \n\tfont-size:63px; \n\tline-height:100px; \n} \n\n#cmsmasters_icon_list_items_69d773e714e104_41173317 .cmsmasters_icon_list_icon:after { \n\tborder-width:10px; \n\twidth:102px; \n\theight:102px; \n\t-webkit-border-radius:50%; \n\tborder-radius:50%; \n} \n\n.cmsmasters_icon_list_items.cmsmasters_color_type_border #cmsmasters_icon_list_item_69d773e714e827_71635072:hover .cmsmasters_icon_list_icon:after { \n\tborder-color:transparent; \n\tborder-width:0; \n} \n \n#cmsmasters_row_69d773e714ec56_26508430 .cmsmasters_row_outer_parent { \n\tpadding-top: 0px; \n} \n\n#cmsmasters_row_69d773e714ec56_26508430 .cmsmasters_row_outer_parent { \n\tpadding-bottom: 50px; \n} \n\n \n#cmsmasters_icon_list_items_69d773e714f228_99836100.cmsmasters_icon_list_items .cmsmasters_icon_list_item:before { \n\tleft:49.5px; \n\ttop:100px; \n} \n#cmsmasters_icon_list_items_69d773e714f228_99836100.cmsmasters_icon_list_type_block .cmsmasters_icon_list_item:before { \n\twidth:1px; \n} \n\n#cmsmasters_icon_list_items_69d773e714f228_99836100 .cmsmasters_icon_list_icon { \n\twidth:100px; \n\theight:100px; \n\t-webkit-border-radius:50%; \n\tborder-radius:50%; \n} \n\n#cmsmasters_icon_list_items_69d773e714f228_99836100 .cmsmasters_icon_list_icon:before { \n\tfont-size:53px; \n\tline-height:100px; \n} \n\n#cmsmasters_icon_list_items_69d773e714f228_99836100 .cmsmasters_icon_list_icon:after { \n\tborder-width:10px; \n\twidth:102px; \n\theight:102px; \n\t-webkit-border-radius:50%; \n\tborder-radius:50%; \n} \n\n.cmsmasters_icon_list_items.cmsmasters_color_type_border #cmsmasters_icon_list_item_69d773e714f4c5_46587690:hover .cmsmasters_icon_list_icon:after { \n\tborder-color:transparent; \n\tborder-width:0; \n} \n \n#cmsmasters_row_69d773e714f8a5_16063129 .cmsmasters_row_outer_parent { \n\tpadding-top: 0px; \n} \n\n#cmsmasters_row_69d773e714f8a5_16063129 .cmsmasters_row_outer_parent { \n\tpadding-bottom: 50px; \n} \n\n \n#cmsmasters_icon_list_items_69d773e714fc74_84273992.cmsmasters_icon_list_items .cmsmasters_icon_list_item:before { \n\tleft:49.5px; \n\ttop:100px; \n} \n#cmsmasters_icon_list_items_69d773e714fc74_84273992.cmsmasters_icon_list_type_block .cmsmasters_icon_list_item:before { \n\twidth:1px; \n} \n\n#cmsmasters_icon_list_items_69d773e714fc74_84273992 .cmsmasters_icon_list_icon { \n\twidth:100px; \n\theight:100px; \n\t-webkit-border-radius:50%; \n\tborder-radius:50%; \n} \n\n#cmsmasters_icon_list_items_69d773e714fc74_84273992 .cmsmasters_icon_list_icon:before { \n\tfont-size:63px; \n\tline-height:100px; \n} \n\n#cmsmasters_icon_list_items_69d773e714fc74_84273992 .cmsmasters_icon_list_icon:after { \n\tborder-width:10px; \n\twidth:102px; \n\theight:102px; \n\t-webkit-border-radius:50%; \n\tborder-radius:50%; \n} \n\n.cmsmasters_icon_list_items.cmsmasters_color_type_border #cmsmasters_icon_list_item_69d773e714fe60_02248574:hover .cmsmasters_icon_list_icon:after { \n\tborder-color:transparent; \n\tborder-width:0; \n} \n \n#cmsmasters_row_69d773e71502a3_01301195 .cmsmasters_row_outer_parent { \n\tpadding-top: 0px; \n} \n\n#cmsmasters_row_69d773e71502a3_01301195 .cmsmasters_row_outer_parent { \n\tpadding-bottom: 50px; \n} \n\n \n#cmsmasters_icon_list_items_69d773e71507a3_93008244.cmsmasters_icon_list_items .cmsmasters_icon_list_item:before { \n\tleft:49.5px; \n\ttop:100px; \n} \n#cmsmasters_icon_list_items_69d773e71507a3_93008244.cmsmasters_icon_list_type_block .cmsmasters_icon_list_item:before { \n\twidth:1px; \n} \n\n#cmsmasters_icon_list_items_69d773e71507a3_93008244 .cmsmasters_icon_list_icon { \n\twidth:100px; \n\theight:100px; \n\t-webkit-border-radius:50%; \n\tborder-radius:50%; \n} \n\n#cmsmasters_icon_list_items_69d773e71507a3_93008244 .cmsmasters_icon_list_icon:before { \n\tfont-size:63px; \n\tline-height:100px; \n} \n\n#cmsmasters_icon_list_items_69d773e71507a3_93008244 .cmsmasters_icon_list_icon:after { \n\tborder-width:10px; \n\twidth:102px; \n\theight:102px; \n\t-webkit-border-radius:50%; \n\tborder-radius:50%; \n} \n\n.cmsmasters_icon_list_items.cmsmasters_color_type_border #cmsmasters_icon_list_item_69d773e71509c8_93831752:hover .cmsmasters_icon_list_icon:after { \n\tborder-color:transparent; \n\tborder-width:0; \n} \n \n#cmsmasters_row_69d773e7150d17_33494285 .cmsmasters_row_outer_parent { \n\tpadding-top: 0px; \n} \n\n#cmsmasters_row_69d773e7150d17_33494285 .cmsmasters_row_outer_parent { \n\tpadding-bottom: 50px; \n} \n\n<\/style><div id=\"cmsmasters_row_69d773e711b9a6_00309354\" class=\"cmsmasters_row cmsmasters_color_scheme_default cmsmasters_row_top_default cmsmasters_row_bot_default cmsmasters_row_boxed\">\n<div class=\"cmsmasters_row_outer_parent\">\n<div class=\"cmsmasters_row_outer\">\n<div class=\"cmsmasters_row_inner\">\n<div class=\"cmsmasters_row_margin\">\n<div class=\"cmsmasters_column one_first\">\n<div class=\"cmsmasters_text\">\n<p>&nbsp;<\/p>\n<\/div>\n<\/div>\n<\/div>\n<\/div>\n<\/div>\n<\/div>\n<\/div>\n<div id=\"cmsmasters_row_69d773e711c184_45866359\" class=\"cmsmasters_row cmsmasters_color_scheme_default cmsmasters_row_top_default cmsmasters_row_bot_default cmsmasters_row_boxed\">\n<div class=\"cmsmasters_row_outer_parent\">\n<div class=\"cmsmasters_row_outer\">\n<div class=\"cmsmasters_row_inner\">\n<div class=\"cmsmasters_row_margin\">\n<div class=\"cmsmasters_column one_first\">\n\n<div id=\"cmsmasters_heading_69d773e711fda\" class=\"cmsmasters_heading_wrap cmsmasters_heading_align_center\">\n\t<h2 class=\"cmsmasters_heading\">perCorsi di Formazione<\/h2>\n<\/div>\n<\/div>\n<\/div>\n<\/div>\n<\/div>\n<\/div>\n<\/div>\n<div id=\"cmsmasters_row_69d773e7120116_20254073\" class=\"cmsmasters_row cmsmasters_color_scheme_default cmsmasters_row_top_default cmsmasters_row_bot_default cmsmasters_row_boxed\">\n<div class=\"cmsmasters_row_outer_parent\">\n<div class=\"cmsmasters_row_outer\">\n<div class=\"cmsmasters_row_inner\">\n<div class=\"cmsmasters_row_margin\">\n<div class=\"cmsmasters_column one_first\">\n<div class=\"cmsmasters_text\">\n<p>&nbsp;<\/p>\n<\/div>\n<\/div>\n<\/div>\n<\/div>\n<\/div>\n<\/div>\n<\/div>\n<div id=\"cmsmasters_row_69d773e7120a41_17441892\" class=\"cmsmasters_row cmsmasters_color_scheme_default cmsmasters_row_top_default cmsmasters_row_bot_default cmsmasters_row_boxed\">\n<div class=\"cmsmasters_row_outer_parent\">\n<div class=\"cmsmasters_row_outer\">\n<div class=\"cmsmasters_row_inner\">\n<div class=\"cmsmasters_row_margin\">\n<div class=\"cmsmasters_column one_third\">\n<div class=\"cmsmasters_img  cmsmasters_image_l\">\n<img decoding=\"async\" src=\"https:\/\/reggedeisovrani.com\/wp-content\/uploads\/2015\/05\/Autodidatta-300x230.jpg\" \/>\n<\/div>\n<\/div>\n<div class=\"cmsmasters_column two_third\">\n<div class=\"cmsmasters_toggles toggles_mode_toggle\" data-animation=\"bounceInUp\" data-delay=\"0\">\n<div class=\"cmsmasters_toggle_wrap\" data-tags=\"all \">\n<div class=\"cmsmasters_toggle_title\">\n<span class=\"cmsmasters_toggle_plus cmsmasters-icon-angle-down\">\n<\/span>\n<a href=\"#\">Scopo<\/a>\n<\/div>\n<div class=\"cmsmasters_toggle\">\n<div class=\"cmsmasters_toggle_inner\">\n<p>Definire il proprio Progetto Personale<br \/>\nFormare un Team &#8211; diverse competenze<br \/>\nCreare il nucleo propulsore<br \/>\nFormare i Formatori<\/p>\n<\/div>\n<\/div>\n<\/div><div class=\"cmsmasters_toggle_wrap\" data-tags=\"all \">\n<div class=\"cmsmasters_toggle_title\">\n<span class=\"cmsmasters_toggle_plus cmsmasters-icon-angle-down\">\n<\/span>\n<a href=\"#\">Obiettivi<\/a>\n<\/div>\n<div class=\"cmsmasters_toggle\">\n<div class=\"cmsmasters_toggle_inner\">\n<p>Offrire a quante persone pi\u00f9 possibili gli strumenti per modellare, sulla struttura archetipale del Nuovo Mondo, ogni nuova realt\u00e0 sociale e qualsiasi aspetto della propria vita personale, evitando di riprodurre i vecchi schemi fallaci e desueti.<\/p>\n<p>Formare un team motivato con competenze diverse<\/p>\n<p>Vogliamo solo persone motivate, che si sentono gi\u00e0 parte del cambiamento rivoluzionario in atto e vogliono agevolarlo. Non puntiamo alla quantit\u00e0 dei partecipanti, ma alla qualit\u00e0: per cambiare il mondo non servono 10 milioni di persone mediocri, ne bastano 10, 100 motivate ed audaci.<\/p>\n<\/div>\n<\/div>\n<\/div><div class=\"cmsmasters_toggle_wrap\" data-tags=\"all \">\n<div class=\"cmsmasters_toggle_title\">\n<span class=\"cmsmasters_toggle_plus cmsmasters-icon-angle-down\">\n<\/span>\n<a href=\"#\">Introduzione ai perCorsi<\/a>\n<\/div>\n<div class=\"cmsmasters_toggle\">\n<div class=\"cmsmasters_toggle_inner\">\n<p>Per venire incontro alle diverse esigenze, abbiamo elaborato tre modalit\u00e0 di studio, in modo da permettere a chiunque di accedere a questi strumenti.<\/p>\n<p>Tre perCorsi Formativi, tre differenti modalit\u00e0 di conoscenza, scoperta e apprendimento per affrontare le tematiche del Nuovo Mondo da punti prospettici differenti.<\/p>\n<p>Esercita la libert\u00e0 di scelta nell\u2019intraprendere il percorso a te pi\u00f9 idoneo e che rispecchia la tua unicit\u00e0.<\/p>\n<\/div>\n<\/div>\n<\/div><\/div>\n<\/div>\n<\/div>\n<\/div>\n<\/div>\n<\/div>\n<\/div>\n<div id=\"cmsmasters_row_69d773e714c117_38229506\" class=\"cmsmasters_row cmsmasters_color_scheme_default cmsmasters_row_top_default cmsmasters_row_bot_default cmsmasters_row_boxed\">\n<div class=\"cmsmasters_row_outer_parent\">\n<div class=\"cmsmasters_row_outer\">\n<div class=\"cmsmasters_row_inner\">\n<div class=\"cmsmasters_row_margin\">\n<div class=\"cmsmasters_column one_first\">\n\n<div id=\"cmsmasters_heading_69d773e714cf4\" class=\"cmsmasters_heading_wrap cmsmasters_heading_align_center\">\n\t<h2 class=\"cmsmasters_heading\">Con quale perCorso vuoi realizzarTi e costruire il Nuovo Mondo? <\/h2>\n<\/div>\n<\/div>\n<\/div>\n<\/div>\n<\/div>\n<\/div>\n<\/div>\n<div id=\"cmsmasters_row_69d773e714d1f9_74559801\" class=\"cmsmasters_row cmsmasters_color_scheme_default cmsmasters_row_top_default cmsmasters_row_bot_default cmsmasters_row_boxed\">\n<div class=\"cmsmasters_row_outer_parent\">\n<div class=\"cmsmasters_row_outer\">\n<div class=\"cmsmasters_row_inner\">\n<div class=\"cmsmasters_row_margin\">\n<div class=\"cmsmasters_column one_first\">\n \n<ul id=\"cmsmasters_icon_list_items_69d773e714e104_41173317\" class=\"cmsmasters_icon_list_items cmsmasters_icon_list_type_block cmsmasters_icon_list_pos_left cmsmasters_color_type_border\"><li id=\"cmsmasters_icon_list_item_69d773e714e827_71635072\" class=\"cmsmasters_icon_list_item\">\n<div class=\"cmsmasters_icon_list_item_inner\">\n<div class=\"cmsmasters_icon_list_icon_wrap\">\n<span class=\"cmsmasters_icon_list_icon cmsmasters-icon-globe\"><\/span>\n<\/div>\n<div class=\"cmsmasters_icon_list_item_content\">\n<h4 class=\"cmsmasters_icon_list_item_title\">Corso Completo Interattivo e Personalizzato<\/h4>\n<div class=\"cmsmasters_icon_list_item_text\">\n<p><a href=\"http:\/\/reggedeisovrani.com\/index.php\/project\/qk-completo\/\" target=\"_blank\" rel=\"noopener\">1 Libro + 3 EBook + 3 Webinar + 2 consulenze private<\/a><\/p>\n<\/div>\n<\/div>\n<\/div>\n<\/li><\/ul>\n<\/div>\n<\/div>\n<\/div>\n<\/div>\n<\/div>\n<\/div>\n<div id=\"cmsmasters_row_69d773e714ec56_26508430\" class=\"cmsmasters_row cmsmasters_color_scheme_default cmsmasters_row_top_default cmsmasters_row_bot_default cmsmasters_row_boxed\">\n<div class=\"cmsmasters_row_outer_parent\">\n<div class=\"cmsmasters_row_outer\">\n<div class=\"cmsmasters_row_inner\">\n<div class=\"cmsmasters_row_margin\">\n<div class=\"cmsmasters_column one_first\">\n \n<ul id=\"cmsmasters_icon_list_items_69d773e714f228_99836100\" class=\"cmsmasters_icon_list_items cmsmasters_icon_list_type_block cmsmasters_icon_list_pos_left cmsmasters_color_type_border\"><li id=\"cmsmasters_icon_list_item_69d773e714f4c5_46587690\" class=\"cmsmasters_icon_list_item\">\n<div class=\"cmsmasters_icon_list_item_inner\">\n<div class=\"cmsmasters_icon_list_icon_wrap\">\n<span class=\"cmsmasters_icon_list_icon cmsmasters-icon-user-plus\"><\/span>\n<\/div>\n<div class=\"cmsmasters_icon_list_item_content\">\n<h4 class=\"cmsmasters_icon_list_item_title\">Corso Base<\/h4>\n<div class=\"cmsmasters_icon_list_item_text\">\n<p><a href=\"http:\/\/reggedeisovrani.com\/index.php\/project\/qk-corso-base\/\" target=\"_blank\" rel=\"noopener\">1 Libro + 3 Ebook + 9 video + 18 dispense + 1 consulenza privata<\/a><\/p>\n<\/div>\n<\/div>\n<\/div>\n<\/li><\/ul>\n<\/div>\n<\/div>\n<\/div>\n<\/div>\n<\/div>\n<\/div>\n<div id=\"cmsmasters_row_69d773e714f8a5_16063129\" class=\"cmsmasters_row cmsmasters_color_scheme_default cmsmasters_row_top_default cmsmasters_row_bot_default cmsmasters_row_boxed\">\n<div class=\"cmsmasters_row_outer_parent\">\n<div class=\"cmsmasters_row_outer\">\n<div class=\"cmsmasters_row_inner\">\n<div class=\"cmsmasters_row_margin\">\n<div class=\"cmsmasters_column one_first\">\n \n<ul id=\"cmsmasters_icon_list_items_69d773e714fc74_84273992\" class=\"cmsmasters_icon_list_items cmsmasters_icon_list_type_block cmsmasters_icon_list_pos_left cmsmasters_color_type_border\"><li id=\"cmsmasters_icon_list_item_69d773e714fe60_02248574\" class=\"cmsmasters_icon_list_item\">\n<div class=\"cmsmasters_icon_list_item_inner\">\n<div class=\"cmsmasters_icon_list_icon_wrap\">\n<span class=\"cmsmasters_icon_list_icon cmsmasters-icon-book-1\"><\/span>\n<\/div>\n<div class=\"cmsmasters_icon_list_item_content\">\n<h4 class=\"cmsmasters_icon_list_item_title\">STUDIO DA AUTODIDATTA<\/h4>\n<div class=\"cmsmasters_icon_list_item_text\">\n<p><a href=\"http:\/\/reggedeisovrani.com\/index.php\/project\/qk-corso-autodidatta\/\" target=\"_blank\" rel=\"noopener\">\u00a01 Libro + 3 EBook + 1 Webinar\u00a0<\/a><\/p>\n<\/div>\n<\/div>\n<\/div>\n<\/li><\/ul>\n<\/div>\n<\/div>\n<\/div>\n<\/div>\n<\/div>\n<\/div>\n<div id=\"cmsmasters_row_69d773e71502a3_01301195\" class=\"cmsmasters_row cmsmasters_color_scheme_default cmsmasters_row_top_default cmsmasters_row_bot_default cmsmasters_row_boxed\">\n<div class=\"cmsmasters_row_outer_parent\">\n<div class=\"cmsmasters_row_outer\">\n<div class=\"cmsmasters_row_inner\">\n<div class=\"cmsmasters_row_margin\">\n<div class=\"cmsmasters_column one_first\">\n \n<ul id=\"cmsmasters_icon_list_items_69d773e71507a3_93008244\" class=\"cmsmasters_icon_list_items cmsmasters_icon_list_type_block cmsmasters_icon_list_pos_left cmsmasters_color_type_border\"><li id=\"cmsmasters_icon_list_item_69d773e71509c8_93831752\" class=\"cmsmasters_icon_list_item\">\n<div class=\"cmsmasters_icon_list_item_inner\">\n<div class=\"cmsmasters_icon_list_icon_wrap\">\n<span class=\"cmsmasters_icon_list_icon cmsmasters-icon-graduation-cap\"><\/span>\n<\/div>\n<div class=\"cmsmasters_icon_list_item_content\">\n<h4 class=\"cmsmasters_icon_list_item_title\">CORSO DI APPROFONDIMENTO<\/h4>\n<div class=\"cmsmasters_icon_list_item_text\">\n<p><a href=\"http:\/\/reggedeisovrani.com\/index.php\/project\/corso-di-approfondimento\/\">6 dispense in 3 settimane + guida personalizzata<\/a><\/p>\n<\/div>\n<\/div>\n<\/div>\n<\/li><\/ul>\n<\/div>\n<\/div>\n<\/div>\n<\/div>\n<\/div>\n<\/div>\n<div id=\"cmsmasters_row_69d773e7150d17_33494285\" class=\"cmsmasters_row cmsmasters_color_scheme_default cmsmasters_row_top_default cmsmasters_row_bot_default cmsmasters_row_boxed\">\n<div class=\"cmsmasters_row_outer_parent\">\n<div class=\"cmsmasters_row_outer\">\n<div class=\"cmsmasters_row_inner\">\n<div class=\"cmsmasters_row_margin\">\n<div class=\"cmsmasters_column one_first\">\n<div class=\"cmsmasters_text\">\n<h2 style=\"text-align: center;\">Cambi tu e cambia il Mondo<\/h2>\n<h2 style=\"text-align: center;\">Iscrivendoti alla formazione partecipi alla costruzione del Nuovo Mondo<\/h2>\n<\/div>\n<\/div>\n<\/div>\n<\/div>\n<\/div>\n<\/div>\n<\/div>\n\n","protected":false},"excerpt":{"rendered":"","protected":false},"author":1,"featured_media":0,"parent":0,"menu_order":0,"comment_status":"closed","ping_status":"closed","template":"","meta":{"footnotes":""},"class_list":["post-13191","page","type-page","status-publish","hentry"],"yoast_head":"<!-- This site is optimized with the Yoast SEO plugin v19.3 - https:\/\/yoast.com\/wordpress\/plugins\/seo\/ -->\n<title>Formazione al Nuovo Paradigma - Regge dei Sovrani<\/title>\n<meta name=\"description\" content=\"Formazione al Nuovo Paradigma\" \/>\n<meta name=\"robots\" content=\"index, follow, max-snippet:-1, max-image-preview:large, max-video-preview:-1\" \/>\n<link rel=\"canonical\" href=\"https:\/\/reggedeisovrani.com\/index.php\/formazione-al-nuovo-paradigma\/\" \/>\n<meta property=\"og:locale\" content=\"it_IT\" \/>\n<meta property=\"og:type\" content=\"article\" \/>\n<meta property=\"og:title\" content=\"Formazione al Nuovo Paradigma - Regge dei Sovrani\" \/>\n<meta property=\"og:description\" content=\"Formazione al Nuovo Paradigma\" \/>\n<meta property=\"og:url\" content=\"https:\/\/reggedeisovrani.com\/index.php\/formazione-al-nuovo-paradigma\/\" \/>\n<meta property=\"og:site_name\" content=\"Regge dei Sovrani\" \/>\n<meta property=\"article:modified_time\" content=\"2023-05-31T04:06:22+00:00\" \/>\n<meta name=\"twitter:card\" content=\"summary_large_image\" \/>\n<meta name=\"twitter:label1\" content=\"Tempo di lettura stimato\" \/>\n\t<meta name=\"twitter:data1\" content=\"3 minuti\" \/>\n<script type=\"application\/ld+json\" class=\"yoast-schema-graph\">{\"@context\":\"https:\/\/schema.org\",\"@graph\":[{\"@type\":\"WebSite\",\"@id\":\"https:\/\/reggedeisovrani.com\/#website\",\"url\":\"https:\/\/reggedeisovrani.com\/\",\"name\":\"Regge dei Sovrani\",\"description\":\"Verso il Nuovo Paradigma\",\"potentialAction\":[{\"@type\":\"SearchAction\",\"target\":{\"@type\":\"EntryPoint\",\"urlTemplate\":\"https:\/\/reggedeisovrani.com\/?s={search_term_string}\"},\"query-input\":\"required name=search_term_string\"}],\"inLanguage\":\"it-IT\"},{\"@type\":\"WebPage\",\"@id\":\"https:\/\/reggedeisovrani.com\/index.php\/formazione-al-nuovo-paradigma\/\",\"url\":\"https:\/\/reggedeisovrani.com\/index.php\/formazione-al-nuovo-paradigma\/\",\"name\":\"Formazione al Nuovo Paradigma - Regge dei Sovrani\",\"isPartOf\":{\"@id\":\"https:\/\/reggedeisovrani.com\/#website\"},\"datePublished\":\"2022-09-08T09:36:25+00:00\",\"dateModified\":\"2023-05-31T04:06:22+00:00\",\"description\":\"Formazione al Nuovo Paradigma\",\"breadcrumb\":{\"@id\":\"https:\/\/reggedeisovrani.com\/index.php\/formazione-al-nuovo-paradigma\/#breadcrumb\"},\"inLanguage\":\"it-IT\",\"potentialAction\":[{\"@type\":\"ReadAction\",\"target\":[\"https:\/\/reggedeisovrani.com\/index.php\/formazione-al-nuovo-paradigma\/\"]}]},{\"@type\":\"BreadcrumbList\",\"@id\":\"https:\/\/reggedeisovrani.com\/index.php\/formazione-al-nuovo-paradigma\/#breadcrumb\",\"itemListElement\":[{\"@type\":\"ListItem\",\"position\":1,\"name\":\"Home\",\"item\":\"https:\/\/reggedeisovrani.com\/\"},{\"@type\":\"ListItem\",\"position\":2,\"name\":\"Formazione al Nuovo Paradigma\"}]}]}<\/script>\n<!-- \/ Yoast SEO plugin. -->","yoast_head_json":{"title":"Formazione al Nuovo Paradigma - Regge dei Sovrani","description":"Formazione al Nuovo Paradigma","robots":{"index":"index","follow":"follow","max-snippet":"max-snippet:-1","max-image-preview":"max-image-preview:large","max-video-preview":"max-video-preview:-1"},"canonical":"https:\/\/reggedeisovrani.com\/index.php\/formazione-al-nuovo-paradigma\/","og_locale":"it_IT","og_type":"article","og_title":"Formazione al Nuovo Paradigma - Regge dei Sovrani","og_description":"Formazione al Nuovo Paradigma","og_url":"https:\/\/reggedeisovrani.com\/index.php\/formazione-al-nuovo-paradigma\/","og_site_name":"Regge dei Sovrani","article_modified_time":"2023-05-31T04:06:22+00:00","twitter_card":"summary_large_image","twitter_misc":{"Tempo di lettura stimato":"3 minuti"},"schema":{"@context":"https:\/\/schema.org","@graph":[{"@type":"WebSite","@id":"https:\/\/reggedeisovrani.com\/#website","url":"https:\/\/reggedeisovrani.com\/","name":"Regge dei Sovrani","description":"Verso il Nuovo Paradigma","potentialAction":[{"@type":"SearchAction","target":{"@type":"EntryPoint","urlTemplate":"https:\/\/reggedeisovrani.com\/?s={search_term_string}"},"query-input":"required name=search_term_string"}],"inLanguage":"it-IT"},{"@type":"WebPage","@id":"https:\/\/reggedeisovrani.com\/index.php\/formazione-al-nuovo-paradigma\/","url":"https:\/\/reggedeisovrani.com\/index.php\/formazione-al-nuovo-paradigma\/","name":"Formazione al Nuovo Paradigma - Regge dei Sovrani","isPartOf":{"@id":"https:\/\/reggedeisovrani.com\/#website"},"datePublished":"2022-09-08T09:36:25+00:00","dateModified":"2023-05-31T04:06:22+00:00","description":"Formazione al Nuovo Paradigma","breadcrumb":{"@id":"https:\/\/reggedeisovrani.com\/index.php\/formazione-al-nuovo-paradigma\/#breadcrumb"},"inLanguage":"it-IT","potentialAction":[{"@type":"ReadAction","target":["https:\/\/reggedeisovrani.com\/index.php\/formazione-al-nuovo-paradigma\/"]}]},{"@type":"BreadcrumbList","@id":"https:\/\/reggedeisovrani.com\/index.php\/formazione-al-nuovo-paradigma\/#breadcrumb","itemListElement":[{"@type":"ListItem","position":1,"name":"Home","item":"https:\/\/reggedeisovrani.com\/"},{"@type":"ListItem","position":2,"name":"Formazione al Nuovo Paradigma"}]}]}},"_links":{"self":[{"href":"https:\/\/reggedeisovrani.com\/index.php\/wp-json\/wp\/v2\/pages\/13191","targetHints":{"allow":["GET"]}}],"collection":[{"href":"https:\/\/reggedeisovrani.com\/index.php\/wp-json\/wp\/v2\/pages"}],"about":[{"href":"https:\/\/reggedeisovrani.com\/index.php\/wp-json\/wp\/v2\/types\/page"}],"author":[{"embeddable":true,"href":"https:\/\/reggedeisovrani.com\/index.php\/wp-json\/wp\/v2\/users\/1"}],"replies":[{"embeddable":true,"href":"https:\/\/reggedeisovrani.com\/index.php\/wp-json\/wp\/v2\/comments?post=13191"}],"version-history":[{"count":66,"href":"https:\/\/reggedeisovrani.com\/index.php\/wp-json\/wp\/v2\/pages\/13191\/revisions"}],"predecessor-version":[{"id":13854,"href":"https:\/\/reggedeisovrani.com\/index.php\/wp-json\/wp\/v2\/pages\/13191\/revisions\/13854"}],"wp:attachment":[{"href":"https:\/\/reggedeisovrani.com\/index.php\/wp-json\/wp\/v2\/media?parent=13191"}],"curies":[{"name":"wp","href":"https:\/\/api.w.org\/{rel}","templated":true}]}}