{"id":12765,"date":"2022-08-19T16:47:36","date_gmt":"2022-08-19T14:47:36","guid":{"rendered":"https:\/\/reggedeisovrani.com\/?page_id=12765"},"modified":"2024-07-07T16:34:58","modified_gmt":"2024-07-07T14:34:58","slug":"da-sudditi-a-sovrani","status":"publish","type":"page","link":"https:\/\/reggedeisovrani.com\/index.php\/libri\/da-sudditi-a-sovrani\/","title":{"rendered":"Da Sudditi a Sovrani"},"content":{"rendered":"<style type=\"text\/css\"> \n#cmsmasters_row_69e03c624a1b25_52013075 .cmsmasters_row_outer_parent { \n\tpadding-top: 0px; \n} \n\n#cmsmasters_row_69e03c624a1b25_52013075 .cmsmasters_row_outer_parent { \n\tpadding-bottom: 50px; \n} \n\n \n#cmsmasters_icon_box_69e03c624a6ad { \n\tborder-width:0px; \n} \n\n#cmsmasters_icon_box_69e03c624a6ad:before, \n#cmsmasters_icon_box_69e03c624a6ad .icon_box_heading:before { \n\tfont-size:30px; \n\tline-height:50px; \n\twidth:50px; \n\theight:50px; \n\tborder-width:0px; \n\t-webkit-border-radius:50%; \n\tborder-radius:50%; \n} \n\n#cmsmasters_icon_box_69e03c624a6ad { \n\tpadding-top:80px; } \n\n#cmsmasters_icon_box_69e03c624a6ad:before, \n#cmsmasters_icon_box_69e03c624a6ad .icon_box_heading:before { \n\tmargin-left:-25px; \n\t} \n\n#cmsmasters_icon_box_69e03c624a6ad.cmsmasters_icon_top { \n\tpadding-top:110px; \n\t} \n\n \n#cmsmasters_row_69e03c624aea83_28002659 .cmsmasters_row_outer_parent { \n\tpadding-top: 0px; \n} \n\n#cmsmasters_row_69e03c624aea83_28002659 .cmsmasters_row_outer_parent { \n\tpadding-bottom: 50px; \n} \n\n \n#cmsmasters_row_69e03c624b4a74_70091549 .cmsmasters_row_outer_parent { \n\tpadding-top: 0px; \n} \n\n#cmsmasters_row_69e03c624b4a74_70091549 .cmsmasters_row_outer_parent { \n\tpadding-bottom: 50px; \n} \n\n \n#cmsmasters_divider_69e03c624b7401_34380985 { \n\tborder-bottom-width:1px; \n\tborder-bottom-style:solid; \n\tpadding-top:50px; \n\tmargin-bottom:50px; \n} \n<\/style><div id=\"cmsmasters_row_69e03c624a1b25_52013075\" class=\"cmsmasters_row cmsmasters_color_scheme_default cmsmasters_row_top_default cmsmasters_row_bot_default cmsmasters_row_boxed\">\n<div class=\"cmsmasters_row_outer_parent\">\n<div class=\"cmsmasters_row_outer\">\n<div class=\"cmsmasters_row_inner\">\n<div class=\"cmsmasters_row_margin\">\n<div class=\"cmsmasters_column one_first\">\n\n<div id=\"cmsmasters_icon_box_69e03c624a6ad\" class=\"cmsmasters_icon_box cmsmasters_icon_top box_icon_type_icon cmsmasters-icon-globe\">\n<div class=\"icon_box_inner\">\n<h1 class=\"icon_box_heading\">Da Sudditi a Sovrani<\/h1>\n<div class=\"icon_box_text\">\n<h2>Il Libro che torna dal Futuro Remoto<\/h2>\n<\/div>\n<\/div>\n<\/div>\n<div id=\"cmsmasters_video_wrap_69e03c624ae563_63650294\" class=\"cmsmasters_video_wrap\">\n<iframe loading=\"lazy\" title=\"Avr\u00f2 tutto. E sar\u00f2 Felice. DA SUDDITI A SOVRANI. Dal Grande Reset al Nuovo Paradigma (libro di Dea)\" width=\"500\" height=\"281\" src=\"https:\/\/www.youtube.com\/embed\/6OFV-4OcTFE?feature=oembed\" frameborder=\"0\" allow=\"accelerometer; autoplay; clipboard-write; encrypted-media; gyroscope; picture-in-picture; web-share\" referrerpolicy=\"strict-origin-when-cross-origin\" allowfullscreen><\/iframe>\n<\/div>\n<\/div>\n<\/div>\n<\/div>\n<\/div>\n<\/div>\n<\/div>\n<div id=\"cmsmasters_row_69e03c624aea83_28002659\" class=\"cmsmasters_row cmsmasters_color_scheme_default cmsmasters_row_top_default cmsmasters_row_bot_default cmsmasters_row_boxed\">\n<div class=\"cmsmasters_row_outer_parent\">\n<div class=\"cmsmasters_row_outer\">\n<div class=\"cmsmasters_row_inner\">\n<div class=\"cmsmasters_row_margin\">\n<div class=\"cmsmasters_column one_first\">\n<div class=\"aligncenter\">\n<div class=\"cmsmasters_img  cmsmasters_image_c\" data-animation=\"tada\" data-delay=\"0\">\n<img decoding=\"async\" src=\"https:\/\/reggedeisovrani.com\/wp-content\/uploads\/2022\/08\/DSaSCover-1.jpg\" \/>\n<\/div>\n<\/div>\n<\/div>\n<div class=\"cmsmasters_column one_first\">\n<\/div>\n<div class=\"cmsmasters_column one_first\">\n<p><\/p>\n<\/div>\n<\/div>\n<\/div>\n<\/div>\n<\/div>\n<\/div>\n<div id=\"cmsmasters_row_69e03c624b4a74_70091549\" class=\"cmsmasters_row cmsmasters_color_scheme_default cmsmasters_row_top_default cmsmasters_row_bot_default cmsmasters_row_boxed\">\n<div class=\"cmsmasters_row_outer_parent\">\n<div class=\"cmsmasters_row_outer\">\n<div class=\"cmsmasters_row_inner\">\n<div class=\"cmsmasters_row_margin\">\n<div class=\"cmsmasters_column one_half\">\n<div class=\"cmsmasters_text\">\n<p>&nbsp;<\/p>\n<h5>IN QUESTO MOMENTO STORICO CI TROVIAMO\u00a0FRA DUE ERE E DUE MONDI. VERSO QUALE MONDO ANDIAMO DIPENDER\u00c0 DALLE\u00a0SCELTE COLLETTIVE CHE FACCIAMO OGGI. LA CRISI MONDIALE IN ATTO STA INNESCANDO,\u00a0SUO MALGRADO, LA NASCITA DI UN MOVIMENTO\u00a0PLANETARIO FATTO DI NUOVE COMUNIT\u00c0\u00a0ALTERNATIVE, ECOVILLAGGI,\u00a0MODELLI DI SOCIET\u00c0 SPERIMENTALI\u00a0CHE CONVERGONO VERSO LA VISIONE\u00a0DI UN MONDO DIVERSO, IN ARMONIA\u00a0CON LA NATURA E LE LEGGI DEL COSMO. QUESTO CAMBIAMENTO -ORA ALLO STATO\u00a0EMBRIONALE- \u00c8 QUALITATIVO, NON QUANTITATIVO. DEA, CHE DA OLTRE 10 ANNI LAVORA ALLA COSTRUZIONE DI UNA RETE MONDIALE, IN QUESTO TESTO\u00a0CI ACCOMPAGNA ALLA COMPRENSIONE\u00a0DEL MODELLO ARCHETIPALE\u00a0DEL NUOVO PARADIGMA SOGGIACENTE\u00a0A QUESTA GRANDISSIMA ED ENTUSIASMANTE\u00a0RIVOLUZIONE EPOCALE.<\/h5>\n<p>&nbsp;<\/p>\n<h2>Sinossi<\/h2>\n<h2><strong>Da Sudditi a Sovrani &#8211; Dal Grande Reset al Nuovo Paradigma.\u00a0<\/strong><\/h2>\n<h3><strong>Mappa esplorativa per Pionieri del Nuovo Mondo<\/strong><\/h3>\n<p>\u201cDa Sudditi a Sovrani\u201d \u00e8 il compendio di una voluminosa\u00a0ricerca protratta per oltre 15 anni e pubblicata nel 2016: <a href=\"http:\/\/www.kabbaland.com\/wkprogetto\/Reinventare_il_mondo.html\" target=\"_blank\" rel=\"noopener\">\u201cReinventare il mondo &#8211; Tentativo di applicazione del paradigma Quanto-Kabbalistico alla Societ\u00e0\u201d<\/a>, dove l&#8217;autrice Dea, ha messo a confronto l&#8217;antica sapienza della Kabbalah con la Fisica Quantistica, che esprimono concetti simili mediante formule e codici linguistici differenti. La consapevolezza di vivere un passaggio tra due ere porta al confronto anche dei paradigmi del vecchio mondo con quello del nuovo che sta nascendo, a partire dalla struttura sociale dell&#8217;umanit\u00e0, dal pensiero religioso filosofico, espressione del pensiero scientifico.<\/p>\n<p>Nel libro vengono analizzate le tre fasi archetipali di Gerarchia, Omologazione e Rete frattale, ispirandosi all&#8217;Albero della Vita kabalistico dove le tre colonne e i loro collegamenti tra le Sephirot rappresentano l&#8217;armonia degli opposti.<\/p>\n<p>I tre paradigmi \u201cOl\u00e0m haNekud\u00ecm\u201d, il Mondo dei Punti che soggiace al modello piramidale gerarchico, \u201cOl\u00e0m haAkudim\u201d, il Mondo degli Attaccati che soggiace al modello archetipale dell&#8217;Omologazione indistinta ed indifferenziata, e \u201cOlam haBerudim\u201d, il Mondo dei Variegati Interconnessi che soggiace al nuovo modello a rete frattale che integra tutti i punti prospettici, vengono affrontati partendo dalla struttura della Materia, dall\u2019ottica della Scienza, del Tempo, dell&#8217;essere umano, delle Societ\u00e0, delle Religioni fino alle Arti, ripercorrendo secoli di storia, di corsi e ricorsi e gli eterni universali perch\u00e9.<\/p>\n<p>Il processo esplorativo, che ci mostra come la moderna ricerca quantistica convalidi le cosmogonie delle tradizioni antiche, \u00e8 volto a svelare il cardine su cui si basa il Nuovo Paradigma, ovvero che l&#8217;individuo \u00e8 il fine stesso della collettivit\u00e0 con la sua unicit\u00e0. Ciascun individuo sar\u00e0 sempre al di sopra della collettivit\u00e0 perch\u00e9 nessun uomo pu\u00f2 esercitare il potere su un altro uomo.<\/p>\n<p>Mentre nel Vecchio Mondo l&#8217;individuo veniva sempre sacrificato al bene comune e alla causa collettiva (Religione, Patria, Trib\u00f9, Partito, Ideologia, ecc.), nel Nuovo Mondo invece la collettivit\u00e0 diventa strumento e mezzo per cui l&#8217;unicit\u00e0 del singolo individuo possa pienamente realizzarsi e manifestarsi. <a href=\"http:\/\/reggedeisovrani.com\/index.php\/formazione-al-nuovo-paradigma\/\" target=\"_blank\" rel=\"noopener\">Ed una societ\u00e0 di individui liberi e realizzati, \u00e8 una societ\u00e0 di persone felici, naturalmente spinte a diventare la versione migliore di se stesse. Questo \u00e8 ci\u00f2 che Dea sperimenta gi\u00e0 da molti anni insieme alle persone che hanno adottato con lei questo nuovo rivoluzionario modello d&#8217;interazione multiprospettico.<\/a><\/p>\n<p>Per manifestare un tipo di societ\u00e0 in cui l&#8217;unica legge \u00e8 la Libert\u00e0 \u00e8 necessario comprendere alcuni passaggi dei vecchi paradigmi che ci hanno programmato e condizionato a essere sudditi infelici in un mondo caotico. Il libro apre a una visione di mondo nuovo attraverso l&#8217;analisi e la trasformazione di sette postulati:<\/p>\n<p>1. dalla gerarchia alla rete frattale<\/p>\n<p>2. dall&#8217;omologazione alla biodiversit\u00e0<\/p>\n<p>3. dalla sudditanza alla sovranit\u00e0<\/p>\n<p>4. dalla maggioranza alla competenza<\/p>\n<p>5. dalla moneta alle risorse<\/p>\n<p>6. dall&#8217;ordine all&#8217;entropia<\/p>\n<p>7. dall&#8217;\u201duguale per tutti\u201d al \u201cdiverso per ciascuno\u201d.<\/p>\n<p>Questo libro ci invita a fare chiarezza sulle nostre credenze e sulla consapevolezza della nostra unicit\u00e0, mostrandoci con fiducia che un altro mondo \u00e8 possibile se partiamo da noi stessi e costruiamo comunit\u00e0 basate sul Nuovo Paradigma, coscienti che \u201cnon esiste aspirazione divina che non si realizzi se non mediante il lavoro dell&#8217;uomo\u201d.*<\/p>\n<p><em>* \u201cLe 138 porte della saggezza\u201d Qalah Pith\u00e9 Hokmah<\/em><\/p>\n<\/div>\n<\/div>\n<div class=\"cmsmasters_column one_half\">\n<div class=\"custom_html\">\n<form target=\"paypal\" action=\"https:\/\/www.paypal.com\/cgi-bin\/webscr\" method=\"post\">\n<input name=\"cmd\" type=\"hidden\" value=\"_s-xclick\"><br \/>\n<input name=\"hosted_button_id\" type=\"hidden\" value=\"NS4GL9MTEM5YJ\"><\/p>\n<table>\n<tbody>\n<tr>\n<td>libro \"Da Sudditi a Sovrani\"<\/td>\n<\/tr>\n<tr>\n<td>\n<select name=\"os0\"><option value=\"1 Libro cartaceo\">1 Libro cartaceo \u20ac28,00 EUR<\/option><option value=\"1 Libro cartaceo + Ebook\">1 Libro cartaceo + Ebook \u20ac32,00 EUR<\/option><\/select>\n<\/td>\n<\/tr>\n<\/tbody>\n<\/table>\n<p><input name=\"currency_code\" type=\"hidden\" value=\"EUR\"> <input alt=\"PayPal \u00e8 il metodo rapido e sicuro per pagare e farsi pagare online.\" name=\"submit\" src=\"http:\/\/reggedeisovrani.com\/wp-content\/uploads\/2022\/08\/tasto_LoVoglio.png\" type=\"image\"> <img loading=\"lazy\" decoding=\"async\" src=\"https:\/\/www.paypalobjects.com\/it_IT\/i\/scr\/pixel.gif\" alt=\"\" width=\"1\" height=\"1\" border=\"0\"><br \/>\n<\/form>\n<\/div>\n\n<div id=\"cmsmasters_divider_69e03c624b7401_34380985\" class=\"cmsmasters_divider cmsmasters_divider_width_long cmsmasters_divider_pos_center\"><\/div>\n<div class=\"aligncenter\">\n<div class=\"cmsmasters_img  cmsmasters_image_c\" data-animation=\"bounceIn\" data-delay=\"0\">\n<img decoding=\"async\" src=\"https:\/\/reggedeisovrani.com\/wp-content\/uploads\/2022\/10\/DeaSign5.jpg\" \/>\n<\/div>\n<\/div>\n<div class=\"aligncenter\">\n<div class=\"cmsmasters_img  cmsmasters_image_c\" data-animation=\"bounceInUp\" data-delay=\"0\">\n<img decoding=\"async\" src=\"https:\/\/reggedeisovrani.com\/wp-content\/uploads\/2022\/10\/DeaSign10.jpg\" \/>\n<\/div>\n<\/div>\n<div class=\"aligncenter\">\n<div class=\"cmsmasters_img  cmsmasters_image_c\" data-animation=\"wobble\" data-delay=\"0\">\n<img decoding=\"async\" src=\"https:\/\/reggedeisovrani.com\/wp-content\/uploads\/2022\/10\/DeaSign11.jpg\" \/>\n<\/div>\n<\/div>\n<div class=\"aligncenter\">\n<div class=\"cmsmasters_img  cmsmasters_image_c\" data-animation=\"shake\" data-delay=\"0\">\n<img decoding=\"async\" src=\"https:\/\/reggedeisovrani.com\/wp-content\/uploads\/2022\/10\/DeaSign12.jpg\" \/>\n<\/div>\n<\/div>\n<div class=\"aligncenter\">\n<div class=\"cmsmasters_img  cmsmasters_image_c\" data-animation=\"rotateIn\" data-delay=\"0\">\n<img decoding=\"async\" src=\"https:\/\/reggedeisovrani.com\/wp-content\/uploads\/2022\/10\/DeaSign3.jpg\" \/>\n<\/div>\n<\/div>\n<\/div>\n<\/div>\n<\/div>\n<\/div>\n<\/div>\n<\/div>\n\n","protected":false},"excerpt":{"rendered":"","protected":false},"author":1,"featured_media":12769,"parent":12262,"menu_order":0,"comment_status":"closed","ping_status":"closed","template":"","meta":{"footnotes":""},"class_list":["post-12765","page","type-page","status-publish","has-post-thumbnail","hentry"],"yoast_head":"<!-- This site is optimized with the Yoast SEO plugin v19.3 - https:\/\/yoast.com\/wordpress\/plugins\/seo\/ -->\n<title>Da Sudditi a Sovrani - Regge dei Sovrani<\/title>\n<meta name=\"description\" content=\"In questo momento storico ci troviamo fra due ere e due mondi. Verso quale mondo andiamo dipender\u00e0 dalle scelte collettive che facciamo oggi.\" \/>\n<meta name=\"robots\" content=\"index, follow, max-snippet:-1, max-image-preview:large, max-video-preview:-1\" \/>\n<link rel=\"canonical\" href=\"https:\/\/reggedeisovrani.com\/index.php\/libri\/da-sudditi-a-sovrani\/\" \/>\n<meta property=\"og:locale\" content=\"it_IT\" \/>\n<meta property=\"og:type\" content=\"article\" \/>\n<meta property=\"og:title\" content=\"Da Sudditi a Sovrani - Regge dei Sovrani\" \/>\n<meta property=\"og:description\" content=\"In questo momento storico ci troviamo fra due ere e due mondi. Verso quale mondo andiamo dipender\u00e0 dalle scelte collettive che facciamo oggi.\" \/>\n<meta property=\"og:url\" content=\"https:\/\/reggedeisovrani.com\/index.php\/libri\/da-sudditi-a-sovrani\/\" \/>\n<meta property=\"og:site_name\" content=\"Regge dei Sovrani\" \/>\n<meta property=\"article:modified_time\" content=\"2024-07-07T14:34:58+00:00\" \/>\n<meta property=\"og:image\" content=\"https:\/\/reggedeisovrani.com\/wp-content\/uploads\/2022\/08\/DSaSCover-1.jpg\" \/>\n\t<meta property=\"og:image:width\" content=\"1000\" \/>\n\t<meta property=\"og:image:height\" content=\"550\" \/>\n\t<meta property=\"og:image:type\" content=\"image\/jpeg\" \/>\n<meta name=\"twitter:card\" content=\"summary_large_image\" \/>\n<meta name=\"twitter:label1\" content=\"Tempo di lettura stimato\" \/>\n\t<meta name=\"twitter:data1\" content=\"5 minuti\" \/>\n<script type=\"application\/ld+json\" class=\"yoast-schema-graph\">{\"@context\":\"https:\/\/schema.org\",\"@graph\":[{\"@type\":\"WebSite\",\"@id\":\"https:\/\/reggedeisovrani.com\/#website\",\"url\":\"https:\/\/reggedeisovrani.com\/\",\"name\":\"Regge dei Sovrani\",\"description\":\"Verso il Nuovo Paradigma\",\"potentialAction\":[{\"@type\":\"SearchAction\",\"target\":{\"@type\":\"EntryPoint\",\"urlTemplate\":\"https:\/\/reggedeisovrani.com\/?s={search_term_string}\"},\"query-input\":\"required name=search_term_string\"}],\"inLanguage\":\"it-IT\"},{\"@type\":\"ImageObject\",\"inLanguage\":\"it-IT\",\"@id\":\"https:\/\/reggedeisovrani.com\/index.php\/libri\/da-sudditi-a-sovrani\/#primaryimage\",\"url\":\"https:\/\/reggedeisovrani.com\/wp-content\/uploads\/2022\/08\/DSaSCover-1.jpg\",\"contentUrl\":\"https:\/\/reggedeisovrani.com\/wp-content\/uploads\/2022\/08\/DSaSCover-1.jpg\",\"width\":1000,\"height\":550},{\"@type\":\"WebPage\",\"@id\":\"https:\/\/reggedeisovrani.com\/index.php\/libri\/da-sudditi-a-sovrani\/\",\"url\":\"https:\/\/reggedeisovrani.com\/index.php\/libri\/da-sudditi-a-sovrani\/\",\"name\":\"Da Sudditi a Sovrani - Regge dei Sovrani\",\"isPartOf\":{\"@id\":\"https:\/\/reggedeisovrani.com\/#website\"},\"primaryImageOfPage\":{\"@id\":\"https:\/\/reggedeisovrani.com\/index.php\/libri\/da-sudditi-a-sovrani\/#primaryimage\"},\"datePublished\":\"2022-08-19T14:47:36+00:00\",\"dateModified\":\"2024-07-07T14:34:58+00:00\",\"description\":\"In questo momento storico ci troviamo fra due ere e due mondi. Verso quale mondo andiamo dipender\u00e0 dalle scelte collettive che facciamo oggi.\",\"breadcrumb\":{\"@id\":\"https:\/\/reggedeisovrani.com\/index.php\/libri\/da-sudditi-a-sovrani\/#breadcrumb\"},\"inLanguage\":\"it-IT\",\"potentialAction\":[{\"@type\":\"ReadAction\",\"target\":[\"https:\/\/reggedeisovrani.com\/index.php\/libri\/da-sudditi-a-sovrani\/\"]}]},{\"@type\":\"BreadcrumbList\",\"@id\":\"https:\/\/reggedeisovrani.com\/index.php\/libri\/da-sudditi-a-sovrani\/#breadcrumb\",\"itemListElement\":[{\"@type\":\"ListItem\",\"position\":1,\"name\":\"Home\",\"item\":\"https:\/\/reggedeisovrani.com\/\"},{\"@type\":\"ListItem\",\"position\":2,\"name\":\"Libri\",\"item\":\"https:\/\/reggedeisovrani.com\/index.php\/libri\/\"},{\"@type\":\"ListItem\",\"position\":3,\"name\":\"Da Sudditi a Sovrani\"}]}]}<\/script>\n<!-- \/ Yoast SEO plugin. -->","yoast_head_json":{"title":"Da Sudditi a Sovrani - Regge dei Sovrani","description":"In questo momento storico ci troviamo fra due ere e due mondi. Verso quale mondo andiamo dipender\u00e0 dalle scelte collettive che facciamo oggi.","robots":{"index":"index","follow":"follow","max-snippet":"max-snippet:-1","max-image-preview":"max-image-preview:large","max-video-preview":"max-video-preview:-1"},"canonical":"https:\/\/reggedeisovrani.com\/index.php\/libri\/da-sudditi-a-sovrani\/","og_locale":"it_IT","og_type":"article","og_title":"Da Sudditi a Sovrani - Regge dei Sovrani","og_description":"In questo momento storico ci troviamo fra due ere e due mondi. Verso quale mondo andiamo dipender\u00e0 dalle scelte collettive che facciamo oggi.","og_url":"https:\/\/reggedeisovrani.com\/index.php\/libri\/da-sudditi-a-sovrani\/","og_site_name":"Regge dei Sovrani","article_modified_time":"2024-07-07T14:34:58+00:00","og_image":[{"width":1000,"height":550,"url":"https:\/\/reggedeisovrani.com\/wp-content\/uploads\/2022\/08\/DSaSCover-1.jpg","type":"image\/jpeg"}],"twitter_card":"summary_large_image","twitter_misc":{"Tempo di lettura stimato":"5 minuti"},"schema":{"@context":"https:\/\/schema.org","@graph":[{"@type":"WebSite","@id":"https:\/\/reggedeisovrani.com\/#website","url":"https:\/\/reggedeisovrani.com\/","name":"Regge dei Sovrani","description":"Verso il Nuovo Paradigma","potentialAction":[{"@type":"SearchAction","target":{"@type":"EntryPoint","urlTemplate":"https:\/\/reggedeisovrani.com\/?s={search_term_string}"},"query-input":"required name=search_term_string"}],"inLanguage":"it-IT"},{"@type":"ImageObject","inLanguage":"it-IT","@id":"https:\/\/reggedeisovrani.com\/index.php\/libri\/da-sudditi-a-sovrani\/#primaryimage","url":"https:\/\/reggedeisovrani.com\/wp-content\/uploads\/2022\/08\/DSaSCover-1.jpg","contentUrl":"https:\/\/reggedeisovrani.com\/wp-content\/uploads\/2022\/08\/DSaSCover-1.jpg","width":1000,"height":550},{"@type":"WebPage","@id":"https:\/\/reggedeisovrani.com\/index.php\/libri\/da-sudditi-a-sovrani\/","url":"https:\/\/reggedeisovrani.com\/index.php\/libri\/da-sudditi-a-sovrani\/","name":"Da Sudditi a Sovrani - Regge dei Sovrani","isPartOf":{"@id":"https:\/\/reggedeisovrani.com\/#website"},"primaryImageOfPage":{"@id":"https:\/\/reggedeisovrani.com\/index.php\/libri\/da-sudditi-a-sovrani\/#primaryimage"},"datePublished":"2022-08-19T14:47:36+00:00","dateModified":"2024-07-07T14:34:58+00:00","description":"In questo momento storico ci troviamo fra due ere e due mondi. Verso quale mondo andiamo dipender\u00e0 dalle scelte collettive che facciamo oggi.","breadcrumb":{"@id":"https:\/\/reggedeisovrani.com\/index.php\/libri\/da-sudditi-a-sovrani\/#breadcrumb"},"inLanguage":"it-IT","potentialAction":[{"@type":"ReadAction","target":["https:\/\/reggedeisovrani.com\/index.php\/libri\/da-sudditi-a-sovrani\/"]}]},{"@type":"BreadcrumbList","@id":"https:\/\/reggedeisovrani.com\/index.php\/libri\/da-sudditi-a-sovrani\/#breadcrumb","itemListElement":[{"@type":"ListItem","position":1,"name":"Home","item":"https:\/\/reggedeisovrani.com\/"},{"@type":"ListItem","position":2,"name":"Libri","item":"https:\/\/reggedeisovrani.com\/index.php\/libri\/"},{"@type":"ListItem","position":3,"name":"Da Sudditi a Sovrani"}]}]}},"_links":{"self":[{"href":"https:\/\/reggedeisovrani.com\/index.php\/wp-json\/wp\/v2\/pages\/12765","targetHints":{"allow":["GET"]}}],"collection":[{"href":"https:\/\/reggedeisovrani.com\/index.php\/wp-json\/wp\/v2\/pages"}],"about":[{"href":"https:\/\/reggedeisovrani.com\/index.php\/wp-json\/wp\/v2\/types\/page"}],"author":[{"embeddable":true,"href":"https:\/\/reggedeisovrani.com\/index.php\/wp-json\/wp\/v2\/users\/1"}],"replies":[{"embeddable":true,"href":"https:\/\/reggedeisovrani.com\/index.php\/wp-json\/wp\/v2\/comments?post=12765"}],"version-history":[{"count":47,"href":"https:\/\/reggedeisovrani.com\/index.php\/wp-json\/wp\/v2\/pages\/12765\/revisions"}],"predecessor-version":[{"id":14306,"href":"https:\/\/reggedeisovrani.com\/index.php\/wp-json\/wp\/v2\/pages\/12765\/revisions\/14306"}],"up":[{"embeddable":true,"href":"https:\/\/reggedeisovrani.com\/index.php\/wp-json\/wp\/v2\/pages\/12262"}],"wp:featuredmedia":[{"embeddable":true,"href":"https:\/\/reggedeisovrani.com\/index.php\/wp-json\/wp\/v2\/media\/12769"}],"wp:attachment":[{"href":"https:\/\/reggedeisovrani.com\/index.php\/wp-json\/wp\/v2\/media?parent=12765"}],"curies":[{"name":"wp","href":"https:\/\/api.w.org\/{rel}","templated":true}]}}